{"id":233,"date":"2020-01-25T19:23:31","date_gmt":"2020-01-25T19:23:31","guid":{"rendered":"https:\/\/www.gruobahof.ch\/site\/?page_id=233"},"modified":"2024-06-16T05:38:42","modified_gmt":"2024-06-16T05:38:42","slug":"produkte","status":"publish","type":"page","link":"https:\/\/www.gruobahof.ch\/site\/produkte\/","title":{"rendered":"Produkte"},"content":{"rendered":"\n<div style=\"height:20px\" aria-hidden=\"true\" class=\"wp-block-spacer\"><\/div>\n\n\n\n<h2 class=\"wp-block-heading\">Unsere Produkte<\/h2>\n\n\n\n<figure class=\"wp-block-image size-large\"><img loading=\"lazy\" decoding=\"async\" width=\"1024\" height=\"100\" src=\"https:\/\/www.gruobahof.ch\/site\/wp-content\/uploads\/2020\/05\/Top_Logo.png\" alt=\"\" class=\"wp-image-604\" srcset=\"https:\/\/www.gruobahof.ch\/site\/wp-content\/uploads\/2020\/05\/Top_Logo.png 1024w, https:\/\/www.gruobahof.ch\/site\/wp-content\/uploads\/2020\/05\/Top_Logo-400x39.png 400w, https:\/\/www.gruobahof.ch\/site\/wp-content\/uploads\/2020\/05\/Top_Logo-300x29.png 300w, https:\/\/www.gruobahof.ch\/site\/wp-content\/uploads\/2020\/05\/Top_Logo-768x75.png 768w, https:\/\/www.gruobahof.ch\/site\/wp-content\/uploads\/2020\/05\/Top_Logo-600x59.png 600w\" sizes=\"(max-width: 1024px) 100vw, 1024px\" \/><\/figure>\n\n\n\n<h2 class=\"wp-block-heading\">Lamm und Schaffleisch<\/h2>\n\n\n\n<p>Die L\u00e4mmer werden in einem Alter von acht bis zehn  Monaten geschlachtet und vorwiegend ins Ristorante Italia in Z\u00fcrich geliefert.<\/p>\n\n\n\n<p>Einige Tiere behalten wir f\u00fcr uns und verkaufen ihr Fleisch als Mischpaket zu halbem oder ganzem Lamm. <\/p>\n\n\n\n<p>Im Hofladen finden sie zudem Lammbratw\u00fcrste und Lammfleisch in Kleinpackungen.<\/p>\n\n\n<div class=\"wp-block-image\">\n<figure class=\"aligncenter size-medium\"><img loading=\"lazy\" decoding=\"async\" width=\"300\" height=\"225\" src=\"https:\/\/www.gruobahof.ch\/site\/wp-content\/uploads\/2020\/04\/IMG_1191-300x225.jpeg\" alt=\"\" class=\"wp-image-490\" srcset=\"https:\/\/www.gruobahof.ch\/site\/wp-content\/uploads\/2020\/04\/IMG_1191-300x225.jpeg 300w, https:\/\/www.gruobahof.ch\/site\/wp-content\/uploads\/2020\/04\/IMG_1191-scaled-400x300.jpeg 400w, https:\/\/www.gruobahof.ch\/site\/wp-content\/uploads\/2020\/04\/IMG_1191-1024x768.jpeg 1024w, https:\/\/www.gruobahof.ch\/site\/wp-content\/uploads\/2020\/04\/IMG_1191-768x576.jpeg 768w, https:\/\/www.gruobahof.ch\/site\/wp-content\/uploads\/2020\/04\/IMG_1191-1536x1152.jpeg 1536w, https:\/\/www.gruobahof.ch\/site\/wp-content\/uploads\/2020\/04\/IMG_1191-2048x1536.jpeg 2048w, https:\/\/www.gruobahof.ch\/site\/wp-content\/uploads\/2020\/04\/IMG_1191-600x450.jpeg 600w\" sizes=\"(max-width: 300px) 100vw, 300px\" \/><\/figure><\/div>\n\n\n<p>Die \u00e4lteren Auen verarbeiten wir je nach Jahreszeit zu Salsiz oder Trockenfleisch. Dies machen wir in unserem  hofeigenen Verarbeitungsraum. Diese Produkte k\u00f6nnen Sie in unserem  Hofladen oder \u00fcber den <a rel=\"noreferrer noopener\" href=\"https:\/\/www.gruobahof.ch\/site\/?page_id=293\" target=\"_blank\">Webshop<\/a> beziehen.<\/p>\n\n\n<div class=\"wp-block-image\">\n<figure class=\"aligncenter size-medium\"><img loading=\"lazy\" decoding=\"async\" width=\"300\" height=\"225\" src=\"https:\/\/www.gruobahof.ch\/site\/wp-content\/uploads\/2020\/04\/IMG_0840-300x225.jpeg\" alt=\"\" class=\"wp-image-487\" srcset=\"https:\/\/www.gruobahof.ch\/site\/wp-content\/uploads\/2020\/04\/IMG_0840-300x225.jpeg 300w, https:\/\/www.gruobahof.ch\/site\/wp-content\/uploads\/2020\/04\/IMG_0840-scaled-400x300.jpeg 400w, https:\/\/www.gruobahof.ch\/site\/wp-content\/uploads\/2020\/04\/IMG_0840-1024x768.jpeg 1024w, https:\/\/www.gruobahof.ch\/site\/wp-content\/uploads\/2020\/04\/IMG_0840-768x576.jpeg 768w, https:\/\/www.gruobahof.ch\/site\/wp-content\/uploads\/2020\/04\/IMG_0840-1536x1152.jpeg 1536w, https:\/\/www.gruobahof.ch\/site\/wp-content\/uploads\/2020\/04\/IMG_0840-2048x1536.jpeg 2048w, https:\/\/www.gruobahof.ch\/site\/wp-content\/uploads\/2020\/04\/IMG_0840-600x450.jpeg 600w\" sizes=\"(max-width: 300px) 100vw, 300px\" \/><\/figure><\/div>\n\n\n<h2 class=\"wp-block-heading\">Felle und Wolle<\/h2>\n\n\n\n<p>Wir geben die Felle der L\u00e4mmer ausw\u00e4rts zum Gerben.  Dieser Vorgang dauert ca. ein halbes Jahr. Deshalb ist f\u00fcr die Lammfelle eine Vorbestellung n\u00f6tig.<\/p>\n\n\n\n<p>Die  ganze Herde wird zweimal j\u00e4hrlich geschoren; ein kleiner Teil der Wolle  wird in Jenaz gewaschen und gekardet. Die weisse, die braune und  schwarze Wolle eignet sich gut f\u00fcr Wickel, Einlagen oder auch zum  Basteln. Auf Wunsch k\u00f6nnen Sie auch Duvet- oder Kisseneinlagen zum N\u00e4hen  bestellen.<\/p>\n\n\n\n<div class=\"wp-block-group is-layout-flow wp-block-group-is-layout-flow\"><div class=\"wp-block-group__inner-container\">\n<figure class=\"wp-block-gallery has-nested-images columns-default is-cropped wp-block-gallery-1 is-layout-flex wp-block-gallery-is-layout-flex\">\n<figure class=\"wp-block-image size-large\"><img loading=\"lazy\" decoding=\"async\" width=\"1024\" height=\"768\" src=\"https:\/\/www.gruobahof.ch\/site\/wp-content\/uploads\/2020\/04\/IMG_1420-1024x768.jpeg\" alt=\"\" class=\"wp-image-572\" srcset=\"https:\/\/www.gruobahof.ch\/site\/wp-content\/uploads\/2020\/04\/IMG_1420-1024x768.jpeg 1024w, https:\/\/www.gruobahof.ch\/site\/wp-content\/uploads\/2020\/04\/IMG_1420-scaled-400x300.jpeg 400w, https:\/\/www.gruobahof.ch\/site\/wp-content\/uploads\/2020\/04\/IMG_1420-300x225.jpeg 300w, https:\/\/www.gruobahof.ch\/site\/wp-content\/uploads\/2020\/04\/IMG_1420-768x576.jpeg 768w, https:\/\/www.gruobahof.ch\/site\/wp-content\/uploads\/2020\/04\/IMG_1420-1536x1152.jpeg 1536w, https:\/\/www.gruobahof.ch\/site\/wp-content\/uploads\/2020\/04\/IMG_1420-2048x1536.jpeg 2048w, https:\/\/www.gruobahof.ch\/site\/wp-content\/uploads\/2020\/04\/IMG_1420-600x450.jpeg 600w\" sizes=\"(max-width: 1024px) 100vw, 1024px\" \/><\/figure>\n\n\n\n<figure class=\"wp-block-image size-large\"><img loading=\"lazy\" decoding=\"async\" width=\"1024\" height=\"768\" src=\"https:\/\/www.gruobahof.ch\/site\/wp-content\/uploads\/2020\/04\/IMG_1419-1024x768.jpeg\" alt=\"\" class=\"wp-image-571\" srcset=\"https:\/\/www.gruobahof.ch\/site\/wp-content\/uploads\/2020\/04\/IMG_1419-1024x768.jpeg 1024w, https:\/\/www.gruobahof.ch\/site\/wp-content\/uploads\/2020\/04\/IMG_1419-scaled-400x300.jpeg 400w, https:\/\/www.gruobahof.ch\/site\/wp-content\/uploads\/2020\/04\/IMG_1419-300x225.jpeg 300w, https:\/\/www.gruobahof.ch\/site\/wp-content\/uploads\/2020\/04\/IMG_1419-768x576.jpeg 768w, https:\/\/www.gruobahof.ch\/site\/wp-content\/uploads\/2020\/04\/IMG_1419-1536x1152.jpeg 1536w, https:\/\/www.gruobahof.ch\/site\/wp-content\/uploads\/2020\/04\/IMG_1419-2048x1536.jpeg 2048w, https:\/\/www.gruobahof.ch\/site\/wp-content\/uploads\/2020\/04\/IMG_1419-600x450.jpeg 600w\" sizes=\"(max-width: 1024px) 100vw, 1024px\" \/><\/figure>\n<\/figure>\n<\/div><\/div>\n\n\n\n<h2 class=\"wp-block-heading\">Aus unserer Backstube<\/h2>\n\n\n\n<p>Auch in der Weiterverarbeitung verwenden wir  ausschliesslich hochwertige Zutaten. In unserem Sortiment finden Sie  jederzeit Birnbrote,Linzert\u00f6rtli und Nusst\u00f6rtli. <\/p>\n\n\n\n<p>Zu Ostern, Weihnachten oder auf Bestellung backen wir auch diverse Guatzli oder Sondergr\u00f6ssen f\u00fcr Sie.<\/p>\n\n\n\n<p>Jeweils samstags in  finden sie in unserem Hofladen  Z\u00f6pfe , Brot und Nussschnecken. Je nach Angebot&#8230;<\/p>\n\n\n\n<figure class=\"wp-block-gallery has-nested-images columns-default is-cropped wp-block-gallery-2 is-layout-flex wp-block-gallery-is-layout-flex\">\n<figure class=\"wp-block-image size-large\"><img loading=\"lazy\" decoding=\"async\" width=\"1024\" height=\"1024\" data-id=\"54\" src=\"https:\/\/www.gruobahof.ch\/site\/wp-content\/uploads\/2020\/01\/Birabrot1-1024x1024.jpg\" alt=\"\" class=\"wp-image-54\" srcset=\"https:\/\/www.gruobahof.ch\/site\/wp-content\/uploads\/2020\/01\/Birabrot1-1024x1024.jpg 1024w, https:\/\/www.gruobahof.ch\/site\/wp-content\/uploads\/2020\/01\/Birabrot1-300x300.jpg 300w, https:\/\/www.gruobahof.ch\/site\/wp-content\/uploads\/2020\/01\/Birabrot1-scaled-100x100.jpg 100w, https:\/\/www.gruobahof.ch\/site\/wp-content\/uploads\/2020\/01\/Birabrot1-scaled-400x400.jpg 400w, https:\/\/www.gruobahof.ch\/site\/wp-content\/uploads\/2020\/01\/Birabrot1-150x150.jpg 150w, https:\/\/www.gruobahof.ch\/site\/wp-content\/uploads\/2020\/01\/Birabrot1-768x768.jpg 768w, https:\/\/www.gruobahof.ch\/site\/wp-content\/uploads\/2020\/01\/Birabrot1-1536x1536.jpg 1536w, https:\/\/www.gruobahof.ch\/site\/wp-content\/uploads\/2020\/01\/Birabrot1-2048x2048.jpg 2048w\" sizes=\"(max-width: 1024px) 100vw, 1024px\" \/><\/figure>\n\n\n\n<figure class=\"wp-block-image size-large\"><img loading=\"lazy\" decoding=\"async\" width=\"1024\" height=\"1024\" data-id=\"165\" src=\"https:\/\/www.gruobahof.ch\/site\/wp-content\/uploads\/2020\/01\/Totenbeindli1-1024x1024.jpg\" alt=\"\" class=\"wp-image-165\" srcset=\"https:\/\/www.gruobahof.ch\/site\/wp-content\/uploads\/2020\/01\/Totenbeindli1-1024x1024.jpg 1024w, https:\/\/www.gruobahof.ch\/site\/wp-content\/uploads\/2020\/01\/Totenbeindli1-300x300.jpg 300w, https:\/\/www.gruobahof.ch\/site\/wp-content\/uploads\/2020\/01\/Totenbeindli1-100x100.jpg 100w, https:\/\/www.gruobahof.ch\/site\/wp-content\/uploads\/2020\/01\/Totenbeindli1-400x400.jpg 400w, https:\/\/www.gruobahof.ch\/site\/wp-content\/uploads\/2020\/01\/Totenbeindli1-150x150.jpg 150w, https:\/\/www.gruobahof.ch\/site\/wp-content\/uploads\/2020\/01\/Totenbeindli1-768x768.jpg 768w, https:\/\/www.gruobahof.ch\/site\/wp-content\/uploads\/2020\/01\/Totenbeindli1-1536x1536.jpg 1536w, https:\/\/www.gruobahof.ch\/site\/wp-content\/uploads\/2020\/01\/Totenbeindli1-2048x2048.jpg 2048w\" sizes=\"(max-width: 1024px) 100vw, 1024px\" \/><\/figure>\n\n\n\n<figure class=\"wp-block-image size-large\"><img loading=\"lazy\" decoding=\"async\" width=\"1024\" height=\"683\" data-id=\"126\" src=\"https:\/\/www.gruobahof.ch\/site\/wp-content\/uploads\/2020\/01\/Markt-15-1024x683.jpg\" alt=\"\" class=\"wp-image-126\" srcset=\"https:\/\/www.gruobahof.ch\/site\/wp-content\/uploads\/2020\/01\/Markt-15-1024x683.jpg 1024w, https:\/\/www.gruobahof.ch\/site\/wp-content\/uploads\/2020\/01\/Markt-15-scaled-400x267.jpg 400w, https:\/\/www.gruobahof.ch\/site\/wp-content\/uploads\/2020\/01\/Markt-15-300x200.jpg 300w, https:\/\/www.gruobahof.ch\/site\/wp-content\/uploads\/2020\/01\/Markt-15-768x512.jpg 768w, https:\/\/www.gruobahof.ch\/site\/wp-content\/uploads\/2020\/01\/Markt-15-1536x1024.jpg 1536w, https:\/\/www.gruobahof.ch\/site\/wp-content\/uploads\/2020\/01\/Markt-15-2048x1365.jpg 2048w\" sizes=\"(max-width: 1024px) 100vw, 1024px\" \/><\/figure>\n<\/figure>\n\n\n\n<h2 class=\"wp-block-heading\">Konfit\u00fcren &amp; Sirups<\/h2>\n\n\n\n<p>Zu Unserem Hof geh\u00f6rt ein Gem\u00fcse-, Beeren-  und Staudengarten. Hier bauen wir einen Grossteil der Zutaten f\u00fcr die  verschiedenen Konfit\u00fcren, Gelees und Sirupe an.<\/p>\n\n\n\n<p>Weitere Fr\u00fcchte wie Quitten, Kirschen,  Zwetschgen und Cornusbeeren beziehen wir aus Malans.<\/p>\n\n\n\n<p>Bei den Konfit\u00fcren und Sirupen h\u00e4ngt das  Sortenangebot stark von der Jahreszeit ab. Lassen Sie sich \u00fcberaschen  oder informieren Sie sich \u00fcber das momentane Angebot in unserem <a rel=\"noreferrer noopener\" href=\"https:\/\/www.gruobahof.ch\/site\/?page_id=293\" target=\"_blank\">Webshop<\/a>.<\/p>\n\n\n\n<figure class=\"wp-block-gallery aligncenter has-nested-images columns-default is-cropped wp-block-gallery-3 is-layout-flex wp-block-gallery-is-layout-flex\">\n<figure class=\"wp-block-image size-large\"><img loading=\"lazy\" decoding=\"async\" width=\"1024\" height=\"653\" data-id=\"163\" src=\"https:\/\/www.gruobahof.ch\/site\/wp-content\/uploads\/2020\/01\/Sirup2-1024x653.jpg\" alt=\"\" class=\"wp-image-163\" srcset=\"https:\/\/www.gruobahof.ch\/site\/wp-content\/uploads\/2020\/01\/Sirup2-1024x653.jpg 1024w, https:\/\/www.gruobahof.ch\/site\/wp-content\/uploads\/2020\/01\/Sirup2-scaled-400x255.jpg 400w, https:\/\/www.gruobahof.ch\/site\/wp-content\/uploads\/2020\/01\/Sirup2-300x191.jpg 300w, https:\/\/www.gruobahof.ch\/site\/wp-content\/uploads\/2020\/01\/Sirup2-768x490.jpg 768w, https:\/\/www.gruobahof.ch\/site\/wp-content\/uploads\/2020\/01\/Sirup2-1536x979.jpg 1536w, https:\/\/www.gruobahof.ch\/site\/wp-content\/uploads\/2020\/01\/Sirup2-2048x1305.jpg 2048w\" sizes=\"(max-width: 1024px) 100vw, 1024px\" \/><\/figure>\n\n\n\n<figure class=\"wp-block-image size-large\"><img loading=\"lazy\" decoding=\"async\" width=\"1024\" height=\"683\" data-id=\"99\" src=\"https:\/\/www.gruobahof.ch\/site\/wp-content\/uploads\/2020\/01\/Konfituere2-1024x683.jpg\" alt=\"\" class=\"wp-image-99\" srcset=\"https:\/\/www.gruobahof.ch\/site\/wp-content\/uploads\/2020\/01\/Konfituere2-1024x683.jpg 1024w, https:\/\/www.gruobahof.ch\/site\/wp-content\/uploads\/2020\/01\/Konfituere2-scaled-400x267.jpg 400w, https:\/\/www.gruobahof.ch\/site\/wp-content\/uploads\/2020\/01\/Konfituere2-300x200.jpg 300w, https:\/\/www.gruobahof.ch\/site\/wp-content\/uploads\/2020\/01\/Konfituere2-768x512.jpg 768w, https:\/\/www.gruobahof.ch\/site\/wp-content\/uploads\/2020\/01\/Konfituere2-1536x1024.jpg 1536w, https:\/\/www.gruobahof.ch\/site\/wp-content\/uploads\/2020\/01\/Konfituere2-2048x1366.jpg 2048w\" sizes=\"(max-width: 1024px) 100vw, 1024px\" \/><\/figure>\n<\/figure>\n\n\n\n<h2 class=\"wp-block-heading\">Honig aus unserer Imkerei<\/h2>\n\n\n\n<p>Wir verarbeiten ca. 100 -200 kg Honig im Jahr. Auf Grund der H\u00f6henlage und der eingeschr\u00e4nkten Trachtzeit schleudern wir  nur einmal im Sommer.<\/p>\n\n\n\n<p>So entsteht ein sehr gehaltvoller, blumiger Berghonig erh\u00e4ltlich in Gl\u00e4sern zu 250 g\/500 g oder 1 kg.<\/p>\n\n\n\n<figure class=\"wp-block-gallery aligncenter has-nested-images columns-default is-cropped wp-block-gallery-4 is-layout-flex wp-block-gallery-is-layout-flex\">\n<figure class=\"wp-block-image size-large\"><img loading=\"lazy\" decoding=\"async\" width=\"1024\" height=\"682\" data-id=\"46\" src=\"https:\/\/www.gruobahof.ch\/site\/wp-content\/uploads\/2020\/01\/Bienen1-1024x682.jpg\" alt=\"\" class=\"wp-image-46\" srcset=\"https:\/\/www.gruobahof.ch\/site\/wp-content\/uploads\/2020\/01\/Bienen1-1024x682.jpg 1024w, https:\/\/www.gruobahof.ch\/site\/wp-content\/uploads\/2020\/01\/Bienen1-scaled-400x267.jpg 400w, https:\/\/www.gruobahof.ch\/site\/wp-content\/uploads\/2020\/01\/Bienen1-300x200.jpg 300w, https:\/\/www.gruobahof.ch\/site\/wp-content\/uploads\/2020\/01\/Bienen1-768x512.jpg 768w, https:\/\/www.gruobahof.ch\/site\/wp-content\/uploads\/2020\/01\/Bienen1-1536x1024.jpg 1536w, https:\/\/www.gruobahof.ch\/site\/wp-content\/uploads\/2020\/01\/Bienen1-2048x1365.jpg 2048w\" sizes=\"(max-width: 1024px) 100vw, 1024px\" \/><\/figure>\n\n\n\n<figure class=\"wp-block-image size-large\"><img loading=\"lazy\" decoding=\"async\" width=\"1024\" height=\"683\" data-id=\"50\" src=\"https:\/\/www.gruobahof.ch\/site\/wp-content\/uploads\/2020\/01\/Bienenhaus2-1024x683.jpg\" alt=\"\" class=\"wp-image-50\" srcset=\"https:\/\/www.gruobahof.ch\/site\/wp-content\/uploads\/2020\/01\/Bienenhaus2-1024x683.jpg 1024w, https:\/\/www.gruobahof.ch\/site\/wp-content\/uploads\/2020\/01\/Bienenhaus2-scaled-400x267.jpg 400w, https:\/\/www.gruobahof.ch\/site\/wp-content\/uploads\/2020\/01\/Bienenhaus2-300x200.jpg 300w, https:\/\/www.gruobahof.ch\/site\/wp-content\/uploads\/2020\/01\/Bienenhaus2-768x512.jpg 768w, https:\/\/www.gruobahof.ch\/site\/wp-content\/uploads\/2020\/01\/Bienenhaus2-1536x1024.jpg 1536w, https:\/\/www.gruobahof.ch\/site\/wp-content\/uploads\/2020\/01\/Bienenhaus2-2048x1365.jpg 2048w\" sizes=\"(max-width: 1024px) 100vw, 1024px\" \/><\/figure>\n\n\n\n<figure class=\"wp-block-image size-large\"><img loading=\"lazy\" decoding=\"async\" width=\"1024\" height=\"683\" data-id=\"76\" src=\"https:\/\/www.gruobahof.ch\/site\/wp-content\/uploads\/2020\/01\/Honig1-1024x683.jpg\" alt=\"\" class=\"wp-image-76\" srcset=\"https:\/\/www.gruobahof.ch\/site\/wp-content\/uploads\/2020\/01\/Honig1-1024x683.jpg 1024w, https:\/\/www.gruobahof.ch\/site\/wp-content\/uploads\/2020\/01\/Honig1-scaled-400x267.jpg 400w, https:\/\/www.gruobahof.ch\/site\/wp-content\/uploads\/2020\/01\/Honig1-300x200.jpg 300w, https:\/\/www.gruobahof.ch\/site\/wp-content\/uploads\/2020\/01\/Honig1-768x512.jpg 768w, https:\/\/www.gruobahof.ch\/site\/wp-content\/uploads\/2020\/01\/Honig1-1536x1024.jpg 1536w, https:\/\/www.gruobahof.ch\/site\/wp-content\/uploads\/2020\/01\/Honig1-2048x1365.jpg 2048w\" sizes=\"(max-width: 1024px) 100vw, 1024px\" \/><\/figure>\n<\/figure>\n\n\n\n<h2 class=\"wp-block-heading\">Eier<\/h2>\n\n\n\n<p>Je nach Witterung legen unsere H\u00fchner von \nJanuar\/Februar bis Oktober\/November. Dazwischen machen sie eine \nLegepause und wechseln ihr Federkleid.<\/p>\n\n\n\n<p>Da bei uns die H\u00fchner nur mit nat\u00fcrlichem Licht leben, ist der genaue Zeitpunkt der Legeperiode variabel.<\/p>\n\n\n\n<p>In unserem Hofladen finden  Sie die frischen Eier, und an Ostern k\u00f6nnen Sie auch mit pflanzlichen  Mitteln gef\u00e4rbte Ostereier beziehen.<\/p>\n\n\n<div class=\"wp-block-image\">\n<figure class=\"aligncenter size-large is-resized\"><img loading=\"lazy\" decoding=\"async\" width=\"1024\" height=\"683\" src=\"https:\/\/www.gruobahof.ch\/site\/wp-content\/uploads\/2020\/01\/Ostereier1-1024x683.jpg\" alt=\"\" class=\"wp-image-144\" style=\"width:364px;height:243px\" srcset=\"https:\/\/www.gruobahof.ch\/site\/wp-content\/uploads\/2020\/01\/Ostereier1-1024x683.jpg 1024w, https:\/\/www.gruobahof.ch\/site\/wp-content\/uploads\/2020\/01\/Ostereier1-400x267.jpg 400w, https:\/\/www.gruobahof.ch\/site\/wp-content\/uploads\/2020\/01\/Ostereier1-300x200.jpg 300w, https:\/\/www.gruobahof.ch\/site\/wp-content\/uploads\/2020\/01\/Ostereier1-768x512.jpg 768w, https:\/\/www.gruobahof.ch\/site\/wp-content\/uploads\/2020\/01\/Ostereier1.jpg 1488w\" sizes=\"(max-width: 1024px) 100vw, 1024px\" \/><\/figure><\/div>","protected":false},"excerpt":{"rendered":"<p>Unsere Produkte Lamm und Schaffleisch Die L\u00e4mmer werden in einem Alter von acht bis zehn Monaten geschlachtet und vorwiegend ins Ristorante Italia in Z\u00fcrich geliefert. Einige Tiere behalten wir f\u00fcr uns und verkaufen ihr Fleisch als Mischpaket zu halbem oder ganzem Lamm. Im Hofladen finden sie zudem Lammbratw\u00fcrste und Lammfleisch in Kleinpackungen. Die \u00e4lteren Auen [&hellip;]<\/p>\n","protected":false},"author":1,"featured_media":0,"parent":0,"menu_order":0,"comment_status":"closed","ping_status":"closed","template":"","meta":{"footnotes":""},"_links":{"self":[{"href":"https:\/\/www.gruobahof.ch\/site\/wp-json\/wp\/v2\/pages\/233"}],"collection":[{"href":"https:\/\/www.gruobahof.ch\/site\/wp-json\/wp\/v2\/pages"}],"about":[{"href":"https:\/\/www.gruobahof.ch\/site\/wp-json\/wp\/v2\/types\/page"}],"author":[{"embeddable":true,"href":"https:\/\/www.gruobahof.ch\/site\/wp-json\/wp\/v2\/users\/1"}],"replies":[{"embeddable":true,"href":"https:\/\/www.gruobahof.ch\/site\/wp-json\/wp\/v2\/comments?post=233"}],"version-history":[{"count":33,"href":"https:\/\/www.gruobahof.ch\/site\/wp-json\/wp\/v2\/pages\/233\/revisions"}],"predecessor-version":[{"id":1163,"href":"https:\/\/www.gruobahof.ch\/site\/wp-json\/wp\/v2\/pages\/233\/revisions\/1163"}],"wp:attachment":[{"href":"https:\/\/www.gruobahof.ch\/site\/wp-json\/wp\/v2\/media?parent=233"}],"curies":[{"name":"wp","href":"https:\/\/api.w.org\/{rel}","templated":true}]}}