{"id":269,"date":"2020-01-25T19:41:21","date_gmt":"2020-01-25T19:41:21","guid":{"rendered":"https:\/\/www.gruobahof.ch\/site\/?page_id=269"},"modified":"2020-05-08T13:44:20","modified_gmt":"2020-05-08T13:44:20","slug":"lieferbedingungen","status":"publish","type":"page","link":"https:\/\/www.gruobahof.ch\/site\/lieferbedingungen\/","title":{"rendered":"Lieferbedingungen"},"content":{"rendered":"\n<div style=\"height:20px\" aria-hidden=\"true\" class=\"wp-block-spacer\"><\/div>\n\n\n\n<h2 class=\"wp-block-heading\">Lieferbedingungen<\/h2>\n\n\n\n<figure class=\"wp-block-image size-large\"><img loading=\"lazy\" decoding=\"async\" width=\"1024\" height=\"100\" src=\"https:\/\/www.gruobahof.ch\/site\/wp-content\/uploads\/2020\/05\/Top_Logo.png\" alt=\"\" class=\"wp-image-604\" srcset=\"https:\/\/www.gruobahof.ch\/site\/wp-content\/uploads\/2020\/05\/Top_Logo.png 1024w, https:\/\/www.gruobahof.ch\/site\/wp-content\/uploads\/2020\/05\/Top_Logo-400x39.png 400w, https:\/\/www.gruobahof.ch\/site\/wp-content\/uploads\/2020\/05\/Top_Logo-300x29.png 300w, https:\/\/www.gruobahof.ch\/site\/wp-content\/uploads\/2020\/05\/Top_Logo-768x75.png 768w, https:\/\/www.gruobahof.ch\/site\/wp-content\/uploads\/2020\/05\/Top_Logo-600x59.png 600w\" sizes=\"(max-width: 1024px) 100vw, 1024px\" \/><\/figure>\n\n\n\n<p>Wir liefern nur in der Schweiz und im F\u00fcrstentum Liechtenstein.<\/p>\n\n\n\n<p>Wir versenden Ihr Paket in der Regel \ninnerhalb von drei Arbeitstagen je nach Wunsch per A-Post oder B-Post zu\n den jeweiligen Geb\u00fchren.<\/p>\n\n\n\n<p>Wenn Sie das w\u00fcnschen, k\u00f6nnen Sie auch  weitere Produkte, gr\u00f6ssere Mengen oder Spezialgr\u00f6ssen bestellen. Senden  Sie uns einfach eine Anfrage \u00fcber das <a href=\"https:\/\/www.gruobahof.ch\/site\/?page_id=276\" target=\"_blank\" rel=\"noreferrer noopener\">Kontaktformular<\/a>.<\/p>\n\n\n\n<p><strong>Liefergeb\u00fchren:<\/strong><\/p>\n\n\n\n<p>PostPac Economy (Lieferung innerhalb von zwei Werktagen): CHF 8.-<\/p>\n\n\n\n<p>PostPac Priority (Lieferung am n\u00e4chsten Werktag): CHF 12.-<\/p>\n\n\n\n<p>Ab einem Bestellwert von CHF 50.- versenden wir kostenfrei via PostPac Economy<\/p>\n\n\n\n<p><strong>Bezahlung:<\/strong><\/p>\n\n\n\n<p>Sie bekommen von uns zusammen mit Ihrer Bestellung eine Rechnung. Wir behalten uns vor, Vorauszahlung zu verlangen.<\/p>\n","protected":false},"excerpt":{"rendered":"<p>Lieferbedingungen Wir liefern nur in der Schweiz und im F\u00fcrstentum Liechtenstein. Wir versenden Ihr Paket in der Regel innerhalb von drei Arbeitstagen je nach Wunsch per A-Post oder B-Post zu den jeweiligen Geb\u00fchren. Wenn Sie das w\u00fcnschen, k\u00f6nnen Sie auch weitere Produkte, gr\u00f6ssere Mengen oder Spezialgr\u00f6ssen bestellen. Senden Sie uns einfach eine Anfrage \u00fcber das [&hellip;]<\/p>\n","protected":false},"author":1,"featured_media":0,"parent":0,"menu_order":0,"comment_status":"closed","ping_status":"closed","template":"","meta":{"footnotes":""},"_links":{"self":[{"href":"https:\/\/www.gruobahof.ch\/site\/wp-json\/wp\/v2\/pages\/269"}],"collection":[{"href":"https:\/\/www.gruobahof.ch\/site\/wp-json\/wp\/v2\/pages"}],"about":[{"href":"https:\/\/www.gruobahof.ch\/site\/wp-json\/wp\/v2\/types\/page"}],"author":[{"embeddable":true,"href":"https:\/\/www.gruobahof.ch\/site\/wp-json\/wp\/v2\/users\/1"}],"replies":[{"embeddable":true,"href":"https:\/\/www.gruobahof.ch\/site\/wp-json\/wp\/v2\/comments?post=269"}],"version-history":[{"count":8,"href":"https:\/\/www.gruobahof.ch\/site\/wp-json\/wp\/v2\/pages\/269\/revisions"}],"predecessor-version":[{"id":650,"href":"https:\/\/www.gruobahof.ch\/site\/wp-json\/wp\/v2\/pages\/269\/revisions\/650"}],"wp:attachment":[{"href":"https:\/\/www.gruobahof.ch\/site\/wp-json\/wp\/v2\/media?parent=269"}],"curies":[{"name":"wp","href":"https:\/\/api.w.org\/{rel}","templated":true}]}}