{"id":3,"date":"2020-01-24T09:01:01","date_gmt":"2020-01-24T09:01:01","guid":{"rendered":"https:\/\/www.gruobahof.ch\/site\/?page_id=3"},"modified":"2023-08-19T13:28:17","modified_gmt":"2023-08-19T13:28:17","slug":"privacy-policy","status":"publish","type":"page","link":"https:\/\/www.gruobahof.ch\/site\/privacy-policy\/","title":{"rendered":"Impressum &#038; Datenschutz"},"content":{"rendered":"\n<div style=\"height:20px\" aria-hidden=\"true\" class=\"wp-block-spacer\"><\/div>\n\n\n\n<h2 class=\"wp-block-heading\">Impressum<\/h2>\n\n\n\n<p>Die Adresse unserer Website ist: https:\/\/www.gruobahof.ch<\/p>\n\n\n\n<p>E-Mail: info[at]gruobahof.ch<\/p>\n\n\n\n<p>Postadresse: Ursina &amp; Bj\u00f6rn H\u00e4chler, Oberdorfstrasse 7, 7494 Wiesen<\/p>\n\n\n\n<p>Webseitendesign: Quirinus Pflugfelder, quirinus[at]gmx.ch<\/p>\n\n\n\n<p>\u00a9 August 2023<\/p>\n\n\n\n<figure class=\"wp-block-image size-large\"><img loading=\"lazy\" decoding=\"async\" width=\"1024\" height=\"100\" src=\"https:\/\/www.gruobahof.ch\/site\/wp-content\/uploads\/2020\/05\/Top_Logo.png\" alt=\"\" class=\"wp-image-604\" srcset=\"https:\/\/www.gruobahof.ch\/site\/wp-content\/uploads\/2020\/05\/Top_Logo.png 1024w, https:\/\/www.gruobahof.ch\/site\/wp-content\/uploads\/2020\/05\/Top_Logo-400x39.png 400w, https:\/\/www.gruobahof.ch\/site\/wp-content\/uploads\/2020\/05\/Top_Logo-300x29.png 300w, https:\/\/www.gruobahof.ch\/site\/wp-content\/uploads\/2020\/05\/Top_Logo-768x75.png 768w, https:\/\/www.gruobahof.ch\/site\/wp-content\/uploads\/2020\/05\/Top_Logo-600x59.png 600w\" sizes=\"(max-width: 1024px) 100vw, 1024px\" \/><\/figure>\n\n\n\n<h2 class=\"wp-block-heading\">Datenschutzerkl\u00e4rung<\/h2>\n\n\n\n<h2 class=\"wp-block-heading\">Welche personenbezogenen Daten wir sammeln und warum wir sie sammeln<\/h2>\n\n\n\n<h3 class=\"wp-block-heading\">Kommentare<\/h3>\n\n\n\n<p>Wenn\n Besucher Kommentare auf der Website schreiben, sammeln wir die Daten, \ndie im Kommentar-Formular angezeigt werden, au\u00dferdem die IP-Adresse des \nBesuchers und den User-Agent-String (damit wird der Browser \nidentifiziert), um die Erkennung von Spam zu unterst\u00fctzen.<\/p>\n\n\n\n<p>Aus \ndeiner E-Mail-Adresse kann eine anonymisierte Zeichenfolge erstellt \n(auch Hash genannt) und dem Gravatar-Dienst \u00fcbergeben werden, um zu \npr\u00fcfen, ob du diesen benutzt. Die Datenschutzerkl\u00e4rung des \nGravatar-Dienstes findest du hier: https:\/\/automattic.com\/privacy\/. \nNachdem dein Kommentar freigegeben wurde, ist dein Profilbild \u00f6ffentlich\n im Kontext deines Kommentars sichtbar.<\/p>\n\n\n\n<h3 class=\"wp-block-heading\">Medien<\/h3>\n\n\n\n<p>Wenn\n du ein registrierter Benutzer bist und Fotos auf diese Website l\u00e4dst, \nsolltest du vermeiden, Fotos mit einem EXIF-GPS-Standort hochzuladen. \nBesucher dieser Website k\u00f6nnten Fotos, die auf dieser Website \ngespeichert sind, herunterladen und deren Standort-Informationen \nextrahieren.<\/p>\n\n\n\n<h3 class=\"wp-block-heading\">Kontaktformulare<\/h3>\n\n\n\n<p>\u00dcbermittelte Kontaktformulare werden f\u00fcr den Kundenservice f\u00fcr maximal ein Jahr gespeichert. Diese werden jedoch nicht f\u00fcr Marketingzwecke benutzt und nicht an Dritte weitergegeben.<\/p>\n\n\n\n<h3 class=\"wp-block-heading\">Cookies<\/h3>\n\n\n\n<p>Wenn\n du einen Kommentar auf unserer Website schreibst, kann das eine \nEinwilligung sein, deinen Namen, E-Mail-Adresse und Website in Cookies \nzu speichern. Dies ist eine Komfortfunktion, damit du nicht, wenn du \neinen weiteren Kommentar schreibst, all diese Daten erneut eingeben \nmusst. Diese Cookies werden ein Jahr lang gespeichert.<\/p>\n\n\n\n<p>Falls du \nein Konto hast und dich auf dieser Website anmeldest, werden wir ein \ntempor\u00e4res Cookie setzen, um festzustellen, ob dein Browser Cookies \nakzeptiert. Dieses Cookie enth\u00e4lt keine personenbezogenen Daten und wird\n verworfen, wenn du deinen Browser schlie\u00dft.<\/p>\n\n\n\n<p>Wenn du dich \nanmeldest, werden wir einige Cookies einrichten, um deine \nAnmeldeinformationen und Anzeigeoptionen zu speichern. Anmelde-Cookies \nverfallen nach zwei Tagen und Cookies f\u00fcr die Anzeigeoptionen nach einem\n Jahr. Falls du bei der Anmeldung \u201eAngemeldet bleiben\u201c ausw\u00e4hlst, wird \ndeine Anmeldung zwei Wochen lang aufrechterhalten. Mit der Abmeldung aus\n deinem Konto werden die Anmelde-Cookies gel\u00f6scht.<\/p>\n\n\n\n<p>Wenn du einen \nArtikel bearbeitest oder ver\u00f6ffentlichst, wird ein zus\u00e4tzlicher Cookie \nin deinem Browser gespeichert. Dieser Cookie enth\u00e4lt keine \npersonenbezogenen Daten und verweist nur auf die Beitrags-ID des \nArtikels, den du gerade bearbeitet hast. Der Cookie verf\u00e4llt nach einem \nTag.<\/p>\n\n\n\n<h3 class=\"wp-block-heading\">Eingebettete Inhalte von anderen Websites<\/h3>\n\n\n\n<p>Beitr\u00e4ge\n auf dieser Website k\u00f6nnen eingebettete Inhalte beinhalten (z.&nbsp;B. \nVideos, Bilder, Beitr\u00e4ge etc.). Eingebettete Inhalte von anderen \nWebsites verhalten sich exakt so, als ob der Besucher die andere Website\n besucht h\u00e4tte.<\/p>\n\n\n\n<p>Diese Websites k\u00f6nnen Daten \u00fcber dich sammeln, \nCookies benutzen, zus\u00e4tzliche Tracking-Dienste von Dritten einbetten und\n deine Interaktion mit diesem eingebetteten Inhalt aufzeichnen, \ninklusive deiner Interaktion mit dem eingebetteten Inhalt, falls du ein \nKonto hast und auf dieser Website angemeldet bist.<\/p>\n\n\n\n<h2 class=\"wp-block-heading\">Wie lange wir deine Daten speichern<\/h2>\n\n\n\n<p>Wenn\n du einen Kommentar schreibst, wird dieser inklusive Metadaten zeitlich \nunbegrenzt gespeichert. Auf diese Art k\u00f6nnen wir Folgekommentare \nautomatisch erkennen und freigeben, anstelle sie in einer \nModerations-Warteschlange festzuhalten.<\/p>\n\n\n\n<p>F\u00fcr Benutzer, die sich auf\n unserer Website registrieren, speichern wir zus\u00e4tzlich die pers\u00f6nlichen\n Informationen, die sie in ihren Benutzerprofilen angeben. Alle Benutzer\n k\u00f6nnen jederzeit ihre pers\u00f6nlichen Informationen einsehen, ver\u00e4ndern \noder l\u00f6schen (der Benutzername kann nicht ver\u00e4ndert werden). \nAdministratoren der Website k\u00f6nnen diese Informationen ebenfalls \neinsehen und ver\u00e4ndern.<\/p>\n\n\n\n<h2 class=\"wp-block-heading\">Welche Rechte du an deinen Daten hast<\/h2>\n\n\n\n<p>Wenn\n du ein Konto auf dieser Website besitzt oder Kommentare geschrieben \nhast, kannst du einen Export deiner personenbezogenen Daten bei uns \nanfordern, inklusive aller Daten, die du uns mitgeteilt hast. Dar\u00fcber \nhinaus kannst du die L\u00f6schung aller personenbezogenen Daten, die wir von\n dir gespeichert haben, anfordern. Dies umfasst nicht die Daten, die wir\n aufgrund administrativer, rechtlicher oder sicherheitsrelevanter \nNotwendigkeiten aufbewahren m\u00fcssen.<\/p>\n\n\n\n<h2 class=\"wp-block-heading\">Wohin wir deine Daten senden<\/h2>\n\n\n\n<p>Besucher-Kommentare k\u00f6nnten von einem automatisierten Dienst zur Spam-Erkennung untersucht werden.<\/p>\n\n\n\n<hr class=\"wp-block-separator has-text-color has-very-dark-gray-color has-css-opacity has-very-dark-gray-background-color has-background\"\/>\n\n\n\n<div style=\"height:40px\" aria-hidden=\"true\" class=\"wp-block-spacer\"><\/div>\n\n\n\n<h1 class=\"wp-block-heading\">Webshop:<\/h1>\n\n\n\n<p>Wir sammeln Informationen \u00fcber Dich w\u00e4hrend des Bestellvorgangs in unserem Shop.<\/p>\n\n\n\n<h2 class=\"wp-block-heading\">Was wir sammeln und speichern<\/h2>\n\n\n\n<p>W\u00e4hrend du unsere Website besuchst, zeichnen wir auf:<\/p>\n\n\n\n<ul>\n<li>Angesehene Produkte: Hier zeigen wir dir Produkte, die du vor Kurzem angesehen hast.<\/li>\n\n\n\n<li>Standort, IP-Adresse und Browser-Typ: Wir verwenden dies f\u00fcr Zwecke wie die Sch\u00e4tzung von Steuern und Versandkosten<\/li>\n\n\n\n<li>Versandadresse:\n Wir werden dich auffordern, diese anzugeben, um beispielsweise die \nVersandkosten bestimmen zu k\u00f6nnen, bevor du eine Bestellung aufgibst, \nund dir die Bestellung zusenden zu k\u00f6nnen.<\/li>\n<\/ul>\n\n\n\n<p>Wir nutzen auch Cookies, um den Inhalt deines Warenkorbs zu verfolgen, w\u00e4hrend du unsere Website besuchst.<\/p>\n\n\n\n<p>Wenn\n du bei uns einkaufst, werden wir dich auffordern, Informationen wie \ndeinen Namen, deine Rechnungs- und Versandadresse, deine E-Mail-Adresse \nund deine Telefonnummer, Kreditkartendaten\/Zahlungsdetails sowie \noptionale Kontoinformationen wie Benutzername und Kennwort anzugeben. \nWir nutzen diese Informationen f\u00fcr folgende Zwecke:<\/p>\n\n\n\n<ul>\n<li>Zusenden von Informationen \u00fcber dein Konto und Bestellung<\/li>\n\n\n\n<li>Antwort auf deine Anfragen, inklusive Erstattungen und Beschwerden<\/li>\n\n\n\n<li>Bearbeitung von Zahlungsvorg\u00e4ngen und Verhinderung von Betrug<\/li>\n\n\n\n<li>Richten Sie Ihr Konto f\u00fcr unseren Shop ein<\/li>\n\n\n\n<li>Einhaltung aller rechtlichen Verpflichtungen, beispielsweise die Steuerberechnung<\/li>\n\n\n\n<li>Verbesserung unsere Shop-Angebote<\/li>\n\n\n\n<li>Senden von Marketing-Nachrichten, wenn du diese erhalten m\u00f6chtest<\/li>\n<\/ul>\n\n\n\n<p>Wenn\n du ein Konto bei uns erstellst, speichern wir deinen Namen, deine \nAdresse, deine E-Mail-Adresse und deine Telefonnummer. Diese Angaben \nwerden bei k\u00fcnftigen Bestellungen zum Ausf\u00fcllen der Bezahlinformationen \nverwendet.<\/p>\n\n\n\n<p>Wir speichern Informationen \u00fcber dich \u00fcblicherweise so  lange, wie wir sie f\u00fcr den Zweck der Erfassung und Nutzung ben\u00f6tigen und  verpflichtet sind, sie zu speichern. Beispielsweise speichern wir  Bestellinformationen f\u00fcr 10 Jahre aus Steuer- und Abrechnungsgr\u00fcnden.  Dazu geh\u00f6rt dein Name, deine E-Mail-Adresse sowie deine Rechnungs- und  Versandadresse.<\/p>\n\n\n\n<p>Wir speichern auch Kommentare oder Bewertungen, wenn du dich dazu entscheidest diese zu hinterlassen.<\/p>\n\n\n\n<h2 class=\"wp-block-heading\">Wer aus unserem Team hat Zugang<\/h2>\n\n\n\n<p>Mitglieder\n unseres Teams haben Zugang zu den Informationen, die du uns zur \nVerf\u00fcgung stellst. Zum Beispiel k\u00f6nnen sowohl Administratoren als auch \nShop-Manager auf Folgendes zugreifen:<\/p>\n\n\n\n<ul>\n<li>Bestellinformationen wie gekaufte Produkte, der Zeitpunkt des Kaufs sowie die Versandadresse und<\/li>\n\n\n\n<li>Kundeninformationen wie dein Name, E-Mail-Adresse, sowie Rechnungs- und Versandinformationen.<\/li>\n<\/ul>\n\n\n\n<p>Unsere\n Teammitglieder haben Zugriff auf diese Informationen, um Bestellungen \nzu bearbeiten, R\u00fcckerstattungen vorzunehmen und Dich zu unterst\u00fctzen.<\/p>\n\n\n\n<p><\/p>\n","protected":false},"excerpt":{"rendered":"<p>Impressum Die Adresse unserer Website ist: https:\/\/www.gruobahof.ch E-Mail: info[at]gruobahof.ch Postadresse: Ursina &amp; Bj\u00f6rn H\u00e4chler, Oberdorfstrasse 7, 7494 Wiesen Webseitendesign: Quirinus Pflugfelder, quirinus[at]gmx.ch \u00a9 August 2023 Datenschutzerkl\u00e4rung Welche personenbezogenen Daten wir sammeln und warum wir sie sammeln Kommentare Wenn Besucher Kommentare auf der Website schreiben, sammeln wir die Daten, die im Kommentar-Formular angezeigt werden, au\u00dferdem die [&hellip;]<\/p>\n","protected":false},"author":1,"featured_media":0,"parent":0,"menu_order":0,"comment_status":"closed","ping_status":"open","template":"","meta":{"footnotes":""},"_links":{"self":[{"href":"https:\/\/www.gruobahof.ch\/site\/wp-json\/wp\/v2\/pages\/3"}],"collection":[{"href":"https:\/\/www.gruobahof.ch\/site\/wp-json\/wp\/v2\/pages"}],"about":[{"href":"https:\/\/www.gruobahof.ch\/site\/wp-json\/wp\/v2\/types\/page"}],"author":[{"embeddable":true,"href":"https:\/\/www.gruobahof.ch\/site\/wp-json\/wp\/v2\/users\/1"}],"replies":[{"embeddable":true,"href":"https:\/\/www.gruobahof.ch\/site\/wp-json\/wp\/v2\/comments?post=3"}],"version-history":[{"count":19,"href":"https:\/\/www.gruobahof.ch\/site\/wp-json\/wp\/v2\/pages\/3\/revisions"}],"predecessor-version":[{"id":1088,"href":"https:\/\/www.gruobahof.ch\/site\/wp-json\/wp\/v2\/pages\/3\/revisions\/1088"}],"wp:attachment":[{"href":"https:\/\/www.gruobahof.ch\/site\/wp-json\/wp\/v2\/media?parent=3"}],"curies":[{"name":"wp","href":"https:\/\/api.w.org\/{rel}","templated":true}]}}