{"id":315,"date":"2020-01-25T20:43:10","date_gmt":"2020-01-25T20:43:10","guid":{"rendered":"https:\/\/www.gruobahof.ch\/site\/?page_id=315"},"modified":"2025-12-16T07:36:55","modified_gmt":"2025-12-16T07:36:55","slug":"aktuelles","status":"publish","type":"page","link":"https:\/\/www.gruobahof.ch\/site\/aktuelles\/","title":{"rendered":"Aktuelles"},"content":{"rendered":"\n<div style=\"height:20px\" aria-hidden=\"true\" class=\"wp-block-spacer\"><\/div>\n\n\n\n<figure class=\"wp-block-image size-large\"><img loading=\"lazy\" decoding=\"async\" width=\"1024\" height=\"100\" src=\"https:\/\/www.gruobahof.ch\/site\/wp-content\/uploads\/2020\/05\/Top_Logo.png\" alt=\"\" class=\"wp-image-604\" srcset=\"https:\/\/www.gruobahof.ch\/site\/wp-content\/uploads\/2020\/05\/Top_Logo.png 1024w, https:\/\/www.gruobahof.ch\/site\/wp-content\/uploads\/2020\/05\/Top_Logo-400x39.png 400w, https:\/\/www.gruobahof.ch\/site\/wp-content\/uploads\/2020\/05\/Top_Logo-300x29.png 300w, https:\/\/www.gruobahof.ch\/site\/wp-content\/uploads\/2020\/05\/Top_Logo-768x75.png 768w, https:\/\/www.gruobahof.ch\/site\/wp-content\/uploads\/2020\/05\/Top_Logo-600x59.png 600w\" sizes=\"(max-width: 1024px) 100vw, 1024px\" \/><\/figure>\n\n\n\n<div class=\"wp-block-group has-medium-font-size is-layout-constrained wp-block-group-is-layout-constrained\"><div class=\"wp-block-group__inner-container\"><\/div><\/div>\n\n\n\n<p class=\"has-text-align-center\">10.11.25<\/p>\n\n\n\n<p class=\"has-text-align-center\">Auch dieses Jahr ist es irgendwann Zeit wieder einzustallen&#8230;bei dem aktuell wunderbaren Wetter sind die Schafe aber tags\u00fcber noch auf der Weide im Hof<\/p>\n\n\n\n<p class=\"has-text-align-center\">7.6.25<\/p>\n\n\n\n<p class=\"has-text-align-center\">Schon ist es soweit und der Grossteil der Schafe sind wieder auf der Alp!<\/p>\n\n\n\n<p class=\"has-text-align-center\">Ein paar alte und Schlachtl\u00e4mmer sind den Sommer \u00fcber rund um Wiesen anzutreffen.Sie werden von Arthur besch\u00fctzt.Den Standort finden sie immer unter der Rubrik Herdenschutzhunde!<\/p>\n\n\n\n<p class=\"has-text-align-center\">15.5.25<\/p>\n\n\n\n<p class=\"has-text-align-center\">Das Gr\u00fcn ruft und die Schafe und Hunde d\u00fcrfen wieder ab auf die Weide! Bis ca 7.6 sind Alle rund ums Dorf anzutreffen und dann den Sommer \u00fcber noch eine kleine Gruppe,der Rest darf von Juni bis September auf die Alp<\/p>\n\n\n\n<p class=\"has-text-align-center\">6.11.24<\/p>\n\n\n\n<p class=\"has-text-align-center\">Der Winter kann kommen (-: wir sind alle wieder im Stall<\/p>\n\n\n<div class=\"wp-block-image\">\n<figure class=\"aligncenter size-medium\"><img loading=\"lazy\" decoding=\"async\" width=\"225\" height=\"300\" src=\"https:\/\/www.gruobahof.ch\/site\/wp-content\/uploads\/2024\/11\/IMG_3780-225x300.jpeg\" alt=\"\" class=\"wp-image-1193\" srcset=\"https:\/\/www.gruobahof.ch\/site\/wp-content\/uploads\/2024\/11\/IMG_3780-225x300.jpeg 225w, https:\/\/www.gruobahof.ch\/site\/wp-content\/uploads\/2024\/11\/IMG_3780-768x1024.jpeg 768w, https:\/\/www.gruobahof.ch\/site\/wp-content\/uploads\/2024\/11\/IMG_3780-1152x1536.jpeg 1152w, https:\/\/www.gruobahof.ch\/site\/wp-content\/uploads\/2024\/11\/IMG_3780-1536x2048.jpeg 1536w, https:\/\/www.gruobahof.ch\/site\/wp-content\/uploads\/2024\/11\/IMG_3780-400x533.jpeg 400w, https:\/\/www.gruobahof.ch\/site\/wp-content\/uploads\/2024\/11\/IMG_3780-scaled.jpeg 1920w\" sizes=\"(max-width: 225px) 100vw, 225px\" \/><\/figure><\/div>\n\n\n<p class=\"has-text-align-center\">20.9.24<\/p>\n\n\n\n<p class=\"has-text-align-center\">Der Alpsommer ist schon wieder vorbei und alle Schafe und Hunde sind zur\u00fcck&#8230;<\/p>\n\n\n\n<p class=\"has-text-align-center\">***<\/p>\n\n\n\n<p class=\"has-text-align-center\">12.6.24<\/p>\n\n\n\n<p class=\"has-text-align-center\">Die Schafe und Hunde sind bis im September auf der Alp. Eine kleine Herde weidet noch rund um Wiesen<\/p>\n\n\n\n<p class=\"has-text-align-center\">***<\/p>\n\n\n\n<p class=\"has-text-align-center\">3.11.23<\/p>\n\n\n\n<p class=\"has-text-align-center\">Von Anfang November bis Anfang Mai sind die Schafe und Herdenschutzhunde wieder im Stall in der Gruoba<\/p>\n\n\n\n<p class=\"has-text-align-center\">***<\/p>\n\n\n\n<p class=\"has-text-align-center\">3.6.23<\/p>\n\n\n\n<p class=\"has-text-align-center\">Wir sind bereits wieder auf der Alp!<\/p>\n\n\n\n<p class=\"has-text-align-center\">Bis es Anfangs Juni auf die Alp geht sind die Schafe in zwei Gruppen rund um Wiesen anzutreffen.<\/p>\n\n\n\n<p class=\"has-text-align-center\">Die Gruppe MIT HUNDEN ist eher etwas ausserhalb und die Gruppe OHNE HUNDE im Dorf unterwegs.<\/p>\n\n\n\n<p class=\"has-text-align-center\">Es gr\u00fcnt schon wieder und bald ist es so weit und wir d\u00fcrfen wieder auf die Weide!Ab Mitte Mai sind die Schafe und Hunde wieder rund um Wiesen anzutreffen. Aktuelle Standorte finden sie immer auf der Webiste.<\/p>\n\n\n<div class=\"wp-block-image\">\n<figure class=\"aligncenter size-medium\"><img loading=\"lazy\" decoding=\"async\" width=\"225\" height=\"300\" src=\"https:\/\/www.gruobahof.ch\/site\/wp-content\/uploads\/2023\/05\/IMG_2470-225x300.jpeg\" alt=\"\" class=\"wp-image-1056\" srcset=\"https:\/\/www.gruobahof.ch\/site\/wp-content\/uploads\/2023\/05\/IMG_2470-225x300.jpeg 225w, https:\/\/www.gruobahof.ch\/site\/wp-content\/uploads\/2023\/05\/IMG_2470-scaled-400x533.jpeg 400w, https:\/\/www.gruobahof.ch\/site\/wp-content\/uploads\/2023\/05\/IMG_2470-768x1024.jpeg 768w, https:\/\/www.gruobahof.ch\/site\/wp-content\/uploads\/2023\/05\/IMG_2470-1152x1536.jpeg 1152w, https:\/\/www.gruobahof.ch\/site\/wp-content\/uploads\/2023\/05\/IMG_2470-1536x2048.jpeg 1536w, https:\/\/www.gruobahof.ch\/site\/wp-content\/uploads\/2023\/05\/IMG_2470-600x800.jpeg 600w, https:\/\/www.gruobahof.ch\/site\/wp-content\/uploads\/2023\/05\/IMG_2470-scaled.jpeg 1920w\" sizes=\"(max-width: 225px) 100vw, 225px\" \/><\/figure><\/div>\n\n\n<p class=\"has-text-align-center\">Beriets sind die Schafe wieder im Stall&#8230; Bei den sch\u00f6nen Wetterbedingungen d\u00fcrfen sie aber weiterhin Stundenweise auf die Weide im Hof.<\/p>\n\n\n<div class=\"wp-block-image\">\n<figure class=\"aligncenter size-medium is-resized\"><img loading=\"lazy\" decoding=\"async\" width=\"225\" height=\"300\" src=\"https:\/\/www.gruobahof.ch\/site\/wp-content\/uploads\/2022\/11\/IMG_1684-225x300.jpeg\" alt=\"\" class=\"wp-image-1038\" style=\"width:289px;height:385px\" srcset=\"https:\/\/www.gruobahof.ch\/site\/wp-content\/uploads\/2022\/11\/IMG_1684-225x300.jpeg 225w, https:\/\/www.gruobahof.ch\/site\/wp-content\/uploads\/2022\/11\/IMG_1684-scaled-400x533.jpeg 400w, https:\/\/www.gruobahof.ch\/site\/wp-content\/uploads\/2022\/11\/IMG_1684-768x1024.jpeg 768w, https:\/\/www.gruobahof.ch\/site\/wp-content\/uploads\/2022\/11\/IMG_1684-1152x1536.jpeg 1152w, https:\/\/www.gruobahof.ch\/site\/wp-content\/uploads\/2022\/11\/IMG_1684-1536x2048.jpeg 1536w, https:\/\/www.gruobahof.ch\/site\/wp-content\/uploads\/2022\/11\/IMG_1684-600x800.jpeg 600w, https:\/\/www.gruobahof.ch\/site\/wp-content\/uploads\/2022\/11\/IMG_1684-scaled.jpeg 1920w\" sizes=\"(max-width: 225px) 100vw, 225px\" \/><\/figure><\/div>\n\n\n<h2 class=\"wp-block-heading has-text-align-center\">Herbstweide<\/h2>\n\n\n<div class=\"wp-block-image\">\n<figure class=\"aligncenter size-large is-resized\"><img loading=\"lazy\" decoding=\"async\" width=\"768\" height=\"1024\" src=\"https:\/\/www.gruobahof.ch\/site\/wp-content\/uploads\/2022\/09\/IMG_1561-768x1024.jpeg\" alt=\"\" class=\"wp-image-980\" style=\"width:384px;height:512px\" srcset=\"https:\/\/www.gruobahof.ch\/site\/wp-content\/uploads\/2022\/09\/IMG_1561-768x1024.jpeg 768w, https:\/\/www.gruobahof.ch\/site\/wp-content\/uploads\/2022\/09\/IMG_1561-scaled-400x533.jpeg 400w, https:\/\/www.gruobahof.ch\/site\/wp-content\/uploads\/2022\/09\/IMG_1561-225x300.jpeg 225w, https:\/\/www.gruobahof.ch\/site\/wp-content\/uploads\/2022\/09\/IMG_1561-1152x1536.jpeg 1152w, https:\/\/www.gruobahof.ch\/site\/wp-content\/uploads\/2022\/09\/IMG_1561-1536x2048.jpeg 1536w, https:\/\/www.gruobahof.ch\/site\/wp-content\/uploads\/2022\/09\/IMG_1561-600x800.jpeg 600w, https:\/\/www.gruobahof.ch\/site\/wp-content\/uploads\/2022\/09\/IMG_1561-scaled.jpeg 1920w\" sizes=\"(max-width: 768px) 100vw, 768px\" \/><\/figure><\/div>\n\n\n<p class=\"has-text-align-center\">Alle Schafe sind nach einem sch\u00f6nen Alpsommer von der Alp zur\u00fcck. Ein Teil der Herde ist bereits wieder in Wiesen. Die Auen und J\u00e4hrlinge sind mit den Herdenschutzhunden zusammen und in einer zweiten Gruppe sind die Weidel\u00e4mmer unter sich.<\/p>\n\n\n\n<p class=\"has-text-align-center\">Am Samstag 1.10.22 werden wir mit den restlichen Tieren in <strong>Savognin<\/strong> an der<strong> Schafschur <\/strong>teilnehmen. Danach bringen wir  wieder alle Tiere zur\u00fcck nach Wiesen<\/p>\n\n\n\n<h2 class=\"wp-block-heading has-text-align-center\">Sommerferien (-:<\/h2>\n\n\n\n<h2 class=\"wp-block-heading has-text-align-center\" style=\"font-size:15px\">Wir sind wieder auf der Weide. Im Juni geht es auf die Alp und nur noch eine kleine Gruppe mit Metzgschafen bleibt im Dorf.<\/h2>\n\n\n<div class=\"wp-block-image\">\n<figure class=\"aligncenter size-large is-resized\"><img loading=\"lazy\" decoding=\"async\" width=\"768\" height=\"1024\" src=\"https:\/\/www.gruobahof.ch\/site\/wp-content\/uploads\/2022\/09\/IMG_1070-768x1024.jpeg\" alt=\"\" class=\"wp-image-981\" style=\"width:384px;height:512px\" srcset=\"https:\/\/www.gruobahof.ch\/site\/wp-content\/uploads\/2022\/09\/IMG_1070-768x1024.jpeg 768w, https:\/\/www.gruobahof.ch\/site\/wp-content\/uploads\/2022\/09\/IMG_1070-scaled-400x533.jpeg 400w, https:\/\/www.gruobahof.ch\/site\/wp-content\/uploads\/2022\/09\/IMG_1070-225x300.jpeg 225w, https:\/\/www.gruobahof.ch\/site\/wp-content\/uploads\/2022\/09\/IMG_1070-1152x1536.jpeg 1152w, https:\/\/www.gruobahof.ch\/site\/wp-content\/uploads\/2022\/09\/IMG_1070-1536x2048.jpeg 1536w, https:\/\/www.gruobahof.ch\/site\/wp-content\/uploads\/2022\/09\/IMG_1070-600x800.jpeg 600w, https:\/\/www.gruobahof.ch\/site\/wp-content\/uploads\/2022\/09\/IMG_1070-scaled.jpeg 1920w\" sizes=\"(max-width: 768px) 100vw, 768px\" \/><\/figure><\/div>\n\n\n<div style=\"height:1px\" aria-hidden=\"true\" class=\"wp-block-spacer\"><\/div>\n\n\n\n<h2 class=\"wp-block-heading has-text-align-center\">Herdenschutz<\/h2>\n\n\n\n<p class=\"has-text-align-center has-normal-font-size\"><\/p>\n\n\n\n<p class=\"has-text-align-center\">Seit Anfang Dezember ist<strong> Lion <\/strong>,der neue Herdenschutzhund dabei.<\/p>\n\n\n\n<p><\/p>\n\n\n<div class=\"wp-block-image\">\n<figure class=\"aligncenter size-large is-resized\"><img loading=\"lazy\" decoding=\"async\" width=\"1024\" height=\"768\" src=\"https:\/\/www.gruobahof.ch\/site\/wp-content\/uploads\/2021\/12\/IMG_0205-1024x768.jpeg\" alt=\"\" class=\"wp-image-947\" style=\"width:512px;height:384px\" srcset=\"https:\/\/www.gruobahof.ch\/site\/wp-content\/uploads\/2021\/12\/IMG_0205-1024x768.jpeg 1024w, https:\/\/www.gruobahof.ch\/site\/wp-content\/uploads\/2021\/12\/IMG_0205-scaled-400x300.jpeg 400w, https:\/\/www.gruobahof.ch\/site\/wp-content\/uploads\/2021\/12\/IMG_0205-300x225.jpeg 300w, https:\/\/www.gruobahof.ch\/site\/wp-content\/uploads\/2021\/12\/IMG_0205-768x576.jpeg 768w, https:\/\/www.gruobahof.ch\/site\/wp-content\/uploads\/2021\/12\/IMG_0205-1536x1152.jpeg 1536w, https:\/\/www.gruobahof.ch\/site\/wp-content\/uploads\/2021\/12\/IMG_0205-2048x1536.jpeg 2048w, https:\/\/www.gruobahof.ch\/site\/wp-content\/uploads\/2021\/12\/IMG_0205-600x450.jpeg 600w\" sizes=\"(max-width: 1024px) 100vw, 1024px\" \/><\/figure><\/div>\n\n\n<p class=\"has-text-align-center\">Der neue Schafstall ist bezogen!<\/p>\n\n\n<div class=\"wp-block-image\">\n<figure class=\"aligncenter size-large is-resized\"><img loading=\"lazy\" decoding=\"async\" width=\"1024\" height=\"768\" src=\"https:\/\/www.gruobahof.ch\/site\/wp-content\/uploads\/2021\/12\/IMG_0193-1024x768.jpeg\" alt=\"\" class=\"wp-image-946\" style=\"width:512px;height:384px\" srcset=\"https:\/\/www.gruobahof.ch\/site\/wp-content\/uploads\/2021\/12\/IMG_0193-1024x768.jpeg 1024w, https:\/\/www.gruobahof.ch\/site\/wp-content\/uploads\/2021\/12\/IMG_0193-scaled-400x300.jpeg 400w, https:\/\/www.gruobahof.ch\/site\/wp-content\/uploads\/2021\/12\/IMG_0193-300x225.jpeg 300w, https:\/\/www.gruobahof.ch\/site\/wp-content\/uploads\/2021\/12\/IMG_0193-768x576.jpeg 768w, https:\/\/www.gruobahof.ch\/site\/wp-content\/uploads\/2021\/12\/IMG_0193-1536x1152.jpeg 1536w, https:\/\/www.gruobahof.ch\/site\/wp-content\/uploads\/2021\/12\/IMG_0193-2048x1536.jpeg 2048w, https:\/\/www.gruobahof.ch\/site\/wp-content\/uploads\/2021\/12\/IMG_0193-600x450.jpeg 600w\" sizes=\"(max-width: 1024px) 100vw, 1024px\" \/><\/figure><\/div>\n\n\n<h2 class=\"wp-block-heading has-text-align-center\">Stallbau<\/h2>\n\n\n\n<p class=\"has-text-align-center\">Bald ziehen die Schafe und Hunde in den neuen Stall<\/p>\n\n\n\n<h2 class=\"wp-block-heading has-text-align-center\">Neuzugang<\/h2>\n\n\n\n<p class=\"has-text-align-center\">Bei den Herdenschutzhunden begleitet neu<strong> Arthur<\/strong> zusammen mit Flame die Herde<\/p>\n\n\n\n<hr class=\"wp-block-separator has-css-opacity\"\/>\n\n\n\n<h2 class=\"wp-block-heading has-text-align-center\">Stallbau<\/h2>\n\n\n\n<p class=\"has-text-align-center\">Der Bau des neuen Schafstalles in der Gruoba verz\u00f6gert sich voraussichtlich bis im Fr\u00fchjahr 2021<\/p>\n\n\n\n<hr class=\"wp-block-separator has-css-opacity\"\/>\n\n\n\n<h2 class=\"wp-block-heading has-text-align-center\">Herdenschutzhunde<\/h2>\n\n\n\n<p class=\"has-text-align-center\">Seit diesem Fr\u00fchling begleiten die Herdenschutzhunde Fly und Flame die Schafherde.<\/p>\n\n\n<div class=\"wp-block-image\">\n<figure class=\"aligncenter is-resized\"><img loading=\"lazy\" decoding=\"async\" width=\"225\" height=\"300\" src=\"https:\/\/www.gruobahof.ch\/site\/wp-content\/uploads\/2020\/04\/IMG_1372-225x300.jpeg\" alt=\"\" class=\"wp-image-536\" style=\"width:319px;height:425px\" srcset=\"https:\/\/www.gruobahof.ch\/site\/wp-content\/uploads\/2020\/04\/IMG_1372-225x300.jpeg 225w, https:\/\/www.gruobahof.ch\/site\/wp-content\/uploads\/2020\/04\/IMG_1372-scaled-400x533.jpeg 400w, https:\/\/www.gruobahof.ch\/site\/wp-content\/uploads\/2020\/04\/IMG_1372-768x1024.jpeg 768w, https:\/\/www.gruobahof.ch\/site\/wp-content\/uploads\/2020\/04\/IMG_1372-1152x1536.jpeg 1152w, https:\/\/www.gruobahof.ch\/site\/wp-content\/uploads\/2020\/04\/IMG_1372-1536x2048.jpeg 1536w, https:\/\/www.gruobahof.ch\/site\/wp-content\/uploads\/2020\/04\/IMG_1372-600x800.jpeg 600w, https:\/\/www.gruobahof.ch\/site\/wp-content\/uploads\/2020\/04\/IMG_1372-scaled.jpeg 1920w\" sizes=\"(max-width: 225px) 100vw, 225px\" \/><\/figure><\/div>\n\n\n<p><\/p>\n\n\n\n<h2 class=\"wp-block-heading\"><\/h2>\n","protected":false},"excerpt":{"rendered":"<p>10.11.25 Auch dieses Jahr ist es irgendwann Zeit wieder einzustallen&#8230;bei dem aktuell wunderbaren Wetter sind die Schafe aber tags\u00fcber noch auf der Weide im Hof 7.6.25 Schon ist es soweit und der Grossteil der Schafe sind wieder auf der Alp! Ein paar alte und Schlachtl\u00e4mmer sind den Sommer \u00fcber rund um Wiesen anzutreffen.Sie werden von [&hellip;]<\/p>\n","protected":false},"author":1,"featured_media":0,"parent":0,"menu_order":0,"comment_status":"open","ping_status":"closed","template":"","meta":{"footnotes":""},"_links":{"self":[{"href":"https:\/\/www.gruobahof.ch\/site\/wp-json\/wp\/v2\/pages\/315"}],"collection":[{"href":"https:\/\/www.gruobahof.ch\/site\/wp-json\/wp\/v2\/pages"}],"about":[{"href":"https:\/\/www.gruobahof.ch\/site\/wp-json\/wp\/v2\/types\/page"}],"author":[{"embeddable":true,"href":"https:\/\/www.gruobahof.ch\/site\/wp-json\/wp\/v2\/users\/1"}],"replies":[{"embeddable":true,"href":"https:\/\/www.gruobahof.ch\/site\/wp-json\/wp\/v2\/comments?post=315"}],"version-history":[{"count":39,"href":"https:\/\/www.gruobahof.ch\/site\/wp-json\/wp\/v2\/pages\/315\/revisions"}],"predecessor-version":[{"id":1248,"href":"https:\/\/www.gruobahof.ch\/site\/wp-json\/wp\/v2\/pages\/315\/revisions\/1248"}],"wp:attachment":[{"href":"https:\/\/www.gruobahof.ch\/site\/wp-json\/wp\/v2\/media?parent=315"}],"curies":[{"name":"wp","href":"https:\/\/api.w.org\/{rel}","templated":true}]}}