{"id":471,"date":"2020-04-30T12:36:00","date_gmt":"2020-04-30T12:36:00","guid":{"rendered":"https:\/\/www.gruobahof.ch\/site\/?page_id=471"},"modified":"2025-11-10T06:02:51","modified_gmt":"2025-11-10T06:02:51","slug":"herdenschutzhunde","status":"publish","type":"page","link":"https:\/\/www.gruobahof.ch\/site\/herdenschutzhunde\/","title":{"rendered":"Herdenschutzhunde"},"content":{"rendered":"\n<h2 class=\"wp-block-heading\">Herdenschutzhunde<\/h2>\n\n\n\n<figure class=\"wp-block-image size-large\"><img loading=\"lazy\" decoding=\"async\" width=\"1024\" height=\"100\" src=\"https:\/\/www.gruobahof.ch\/site\/wp-content\/uploads\/2020\/05\/Top_Logo.png\" alt=\"\" class=\"wp-image-604\" srcset=\"https:\/\/www.gruobahof.ch\/site\/wp-content\/uploads\/2020\/05\/Top_Logo.png 1024w, https:\/\/www.gruobahof.ch\/site\/wp-content\/uploads\/2020\/05\/Top_Logo-400x39.png 400w, https:\/\/www.gruobahof.ch\/site\/wp-content\/uploads\/2020\/05\/Top_Logo-300x29.png 300w, https:\/\/www.gruobahof.ch\/site\/wp-content\/uploads\/2020\/05\/Top_Logo-768x75.png 768w, https:\/\/www.gruobahof.ch\/site\/wp-content\/uploads\/2020\/05\/Top_Logo-600x59.png 600w\" sizes=\"(max-width: 1024px) 100vw, 1024px\" \/><\/figure>\n\n\n\n<p>Unsere Herdenschutzhunde Lion und Arthur leben das ganze Jahr bei den Schafen. Da der Wolf schon seit mehreren Jahren wieder pr\u00e4sent ist, ist es unsere Pflicht als Schafhalter die Herde vor dem Raubtier zu sch\u00fctzen.<\/p>\n\n\n\n<p class=\"has-text-align-center\">Sie sind wichtige Mitarbeiter und eine wertvolle Erfahrung !<\/p>\n\n\n\n<p>Im Fr\u00fchling und Herbst sind sie gemeinsam mit der Schafherde auf den Weiden rund um Wiesen anzutreffen. Den Sommer geniessen alle von Mitte Juni bis ende September auf der Alp Sot Got oberhalb von Savognin, und das Winterhalbjahr im Stall in der Gruoba.<\/p>\n\n\n\n<p><\/p>\n\n\n\n<p><\/p>\n\n\n\n<div style=\"height:20px\" aria-hidden=\"true\" class=\"wp-block-spacer\"><\/div>\n\n\n<div class=\"n2-section-smartslider fitvidsignore \" data-ssid=\"4\" tabindex=\"0\" role=\"region\" aria-label=\"Slider\"><div id=\"n2-ss-4-align\" class=\"n2-ss-align\"><div class=\"n2-padding\"><div id=\"n2-ss-4\" data-creator=\"Smart Slider 3\" data-responsive=\"auto\" class=\"n2-ss-slider n2-ow n2-has-hover n2notransition  \">\n\n\n\n<div class=\"n2-ss-slider-wrapper-inside\">\n        <div class=\"n2-ss-slider-1 n2_ss__touch_element n2-ow\">\n            <div class=\"n2-ss-slider-2 n2-ow\">\n                                                <div class=\"n2-ss-slider-3 n2-ow\">\n\n                    <div class=\"n2-ss-slide-backgrounds n2-ow-all\"><div class=\"n2-ss-slide-background\" data-public-id=\"1\" data-mode=\"fit\"><div class=\"n2-ss-slide-background-image\" data-blur=\"0\" data-opacity=\"100\" data-x=\"50\" data-y=\"50\" data-alt=\"\" data-title=\"\"><picture class=\"skip-lazy\" data-skip-lazy=\"1\"><img decoding=\"async\" src=\"\/\/www.gruobahof.ch\/site\/wp-content\/uploads\/2022\/05\/IMG_0298-scaled.jpeg\" alt=\"\" title=\"\" loading=\"lazy\" class=\"skip-lazy\" data-skip-lazy=\"1\"><\/picture><\/div><div data-color=\"RGBA(255,255,255,0)\" style=\"background-color: RGBA(255,255,255,0);\" class=\"n2-ss-slide-background-color\"><\/div><\/div><div class=\"n2-ss-slide-background\" data-public-id=\"2\" data-mode=\"fit\"><div class=\"n2-ss-slide-background-image\" data-blur=\"0\" data-opacity=\"100\" data-x=\"50\" data-y=\"50\" data-alt=\"\" data-title=\"\"><picture class=\"skip-lazy\" data-skip-lazy=\"1\"><img decoding=\"async\" src=\"\/\/www.gruobahof.ch\/site\/wp-content\/uploads\/2022\/05\/IMG_0406-scaled.jpeg\" alt=\"\" title=\"\" loading=\"lazy\" class=\"skip-lazy\" data-skip-lazy=\"1\"><\/picture><\/div><div data-color=\"RGBA(255,255,255,0)\" style=\"background-color: RGBA(255,255,255,0);\" class=\"n2-ss-slide-background-color\"><\/div><\/div><div class=\"n2-ss-slide-background\" data-public-id=\"3\" data-mode=\"fit\"><div class=\"n2-ss-slide-background-image\" data-blur=\"0\" data-opacity=\"100\" data-x=\"50\" data-y=\"50\" data-alt=\"\" data-title=\"\"><picture class=\"skip-lazy\" data-skip-lazy=\"1\"><img decoding=\"async\" src=\"\/\/www.gruobahof.ch\/site\/wp-content\/uploads\/2022\/05\/IMG_0604-scaled.jpeg\" alt=\"\" title=\"\" loading=\"lazy\" class=\"skip-lazy\" data-skip-lazy=\"1\"><\/picture><\/div><div data-color=\"RGBA(255,255,255,0)\" style=\"background-color: RGBA(255,255,255,0);\" class=\"n2-ss-slide-background-color\"><\/div><\/div><div class=\"n2-ss-slide-background\" data-public-id=\"4\" data-mode=\"fit\"><div class=\"n2-ss-slide-background-image\" data-blur=\"0\" data-opacity=\"100\" data-x=\"50\" data-y=\"50\" data-alt=\"\" data-title=\"\"><picture class=\"skip-lazy\" data-skip-lazy=\"1\"><img decoding=\"async\" src=\"\/\/www.gruobahof.ch\/site\/wp-content\/uploads\/2022\/09\/IMG_1339-scaled.jpeg\" alt=\"\" title=\"\" loading=\"lazy\" class=\"skip-lazy\" data-skip-lazy=\"1\"><\/picture><\/div><div data-color=\"RGBA(255,255,255,0)\" style=\"background-color: RGBA(255,255,255,0);\" class=\"n2-ss-slide-background-color\"><\/div><\/div><div class=\"n2-ss-slide-background\" data-public-id=\"5\" data-mode=\"fit\"><div class=\"n2-ss-slide-background-image\" data-blur=\"0\" data-opacity=\"100\" data-x=\"50\" data-y=\"50\" data-alt=\"\" data-title=\"\"><picture class=\"skip-lazy\" data-skip-lazy=\"1\"><img decoding=\"async\" src=\"\/\/www.gruobahof.ch\/site\/wp-content\/uploads\/2022\/05\/IMG_3370-scaled.jpeg\" alt=\"\" title=\"\" loading=\"lazy\" class=\"skip-lazy\" data-skip-lazy=\"1\"><\/picture><\/div><div data-color=\"RGBA(255,255,255,0)\" style=\"background-color: RGBA(255,255,255,0);\" class=\"n2-ss-slide-background-color\"><\/div><\/div><div class=\"n2-ss-slide-background\" data-public-id=\"6\" data-mode=\"fit\"><div class=\"n2-ss-slide-background-image\" data-blur=\"0\" data-opacity=\"100\" data-x=\"50\" data-y=\"50\" data-alt=\"\" data-title=\"\"><picture class=\"skip-lazy\" data-skip-lazy=\"1\"><img decoding=\"async\" src=\"\/\/www.gruobahof.ch\/site\/wp-content\/uploads\/2023\/05\/IMG_2470-scaled.jpeg\" alt=\"\" title=\"\" loading=\"lazy\" class=\"skip-lazy\" data-skip-lazy=\"1\"><\/picture><\/div><div data-color=\"RGBA(255,255,255,0)\" style=\"background-color: RGBA(255,255,255,0);\" class=\"n2-ss-slide-background-color\"><\/div><\/div><div class=\"n2-ss-slide-background\" data-public-id=\"7\" data-mode=\"fit\"><div class=\"n2-ss-slide-background-image\" data-blur=\"0\" data-opacity=\"100\" data-x=\"50\" data-y=\"50\" data-alt=\"\" data-title=\"\"><picture class=\"skip-lazy\" data-skip-lazy=\"1\"><img decoding=\"async\" src=\"\/\/www.gruobahof.ch\/site\/wp-content\/uploads\/2023\/12\/IMG_3775-scaled.jpeg\" alt=\"\" title=\"\" loading=\"lazy\" class=\"skip-lazy\" data-skip-lazy=\"1\"><\/picture><\/div><div data-color=\"RGBA(255,255,255,0)\" style=\"background-color: RGBA(255,255,255,0);\" class=\"n2-ss-slide-background-color\"><\/div><\/div><div class=\"n2-ss-slide-background\" data-public-id=\"8\" data-mode=\"fit\"><div class=\"n2-ss-slide-background-image\" data-blur=\"0\" data-opacity=\"100\" data-x=\"50\" data-y=\"50\" data-alt=\"\" data-title=\"\"><picture class=\"skip-lazy\" data-skip-lazy=\"1\"><img decoding=\"async\" src=\"\/\/www.gruobahof.ch\/site\/wp-content\/uploads\/2024\/06\/IMG_2814-scaled.jpeg\" alt=\"\" title=\"\" loading=\"lazy\" class=\"skip-lazy\" data-skip-lazy=\"1\"><\/picture><\/div><div data-color=\"RGBA(255,255,255,0)\" style=\"background-color: RGBA(255,255,255,0);\" class=\"n2-ss-slide-background-color\"><\/div><\/div><\/div>                    <div class=\"n2-ss-slider-4 n2-ow\">\n                        <svg xmlns=\"http:\/\/www.w3.org\/2000\/svg\" viewBox=\"0 0 350 180\" data-related-device=\"desktopPortrait\" class=\"n2-ow n2-ss-preserve-size n2-ss-preserve-size--slider n2-ss-slide-limiter\"><\/svg><div data-first=\"1\" data-slide-duration=\"0\" data-id=\"60\" data-slide-public-id=\"1\" data-title=\"IMG_0298\" class=\"n2-ss-slide n2-ow  n2-ss-slide-60\"><div role=\"note\" class=\"n2-ss-slide--focus\" tabindex=\"-1\">IMG_0298<\/div><div class=\"n2-ss-layers-container n2-ss-slide-limiter n2-ow\"><div class=\"n2-ss-layer n2-ow n-uc-6l6GldYsXUYr\" data-sstype=\"slide\" data-pm=\"default\"><\/div><\/div><\/div><div data-slide-duration=\"0\" data-id=\"61\" data-slide-public-id=\"2\" data-title=\"IMG_0406\" class=\"n2-ss-slide n2-ow  n2-ss-slide-61\"><div role=\"note\" class=\"n2-ss-slide--focus\" tabindex=\"-1\">IMG_0406<\/div><div class=\"n2-ss-layers-container n2-ss-slide-limiter n2-ow\"><div class=\"n2-ss-layer n2-ow n-uc-2TNY6Ipjvgyz\" data-sstype=\"slide\" data-pm=\"default\"><\/div><\/div><\/div><div data-slide-duration=\"0\" data-id=\"62\" data-slide-public-id=\"3\" data-title=\"IMG_0604\" class=\"n2-ss-slide n2-ow  n2-ss-slide-62\"><div role=\"note\" class=\"n2-ss-slide--focus\" tabindex=\"-1\">IMG_0604<\/div><div class=\"n2-ss-layers-container n2-ss-slide-limiter n2-ow\"><div class=\"n2-ss-layer n2-ow n-uc-HPwnPxu9vXVs\" data-sstype=\"slide\" data-pm=\"default\"><\/div><\/div><\/div><div data-slide-duration=\"0\" data-id=\"118\" data-slide-public-id=\"4\" data-title=\"IMG_1339\" class=\"n2-ss-slide n2-ow  n2-ss-slide-118\"><div role=\"note\" class=\"n2-ss-slide--focus\" tabindex=\"-1\">IMG_1339<\/div><div class=\"n2-ss-layers-container n2-ss-slide-limiter n2-ow\"><div class=\"n2-ss-layer n2-ow n-uc-gB2gPd8bdSCz\" data-sstype=\"slide\" data-pm=\"default\"><\/div><\/div><\/div><div data-slide-duration=\"0\" data-id=\"121\" data-slide-public-id=\"5\" data-title=\"IMG_3370\" class=\"n2-ss-slide n2-ow  n2-ss-slide-121\"><div role=\"note\" class=\"n2-ss-slide--focus\" tabindex=\"-1\">IMG_3370<\/div><div class=\"n2-ss-layers-container n2-ss-slide-limiter n2-ow\"><div class=\"n2-ss-layer n2-ow n-uc-mDbDDSChUXye\" data-sstype=\"slide\" data-pm=\"default\"><\/div><\/div><\/div><div data-slide-duration=\"0\" data-id=\"126\" data-slide-public-id=\"6\" data-title=\"IMG_2470\" class=\"n2-ss-slide n2-ow  n2-ss-slide-126\"><div role=\"note\" class=\"n2-ss-slide--focus\" tabindex=\"-1\">IMG_2470<\/div><div class=\"n2-ss-layers-container n2-ss-slide-limiter n2-ow\"><div class=\"n2-ss-layer n2-ow n-uc-5bBPxGwIOHWP\" data-sstype=\"slide\" data-pm=\"default\"><\/div><\/div><\/div><div data-slide-duration=\"0\" data-id=\"127\" data-slide-public-id=\"7\" data-title=\"IMG_3775\" class=\"n2-ss-slide n2-ow  n2-ss-slide-127\"><div role=\"note\" class=\"n2-ss-slide--focus\" tabindex=\"-1\">IMG_3775<\/div><div class=\"n2-ss-layers-container n2-ss-slide-limiter n2-ow\"><div class=\"n2-ss-layer n2-ow n-uc-anxYuaqisikD\" data-sstype=\"slide\" data-pm=\"default\"><\/div><\/div><\/div><div data-slide-duration=\"0\" data-id=\"128\" data-slide-public-id=\"8\" data-title=\"IMG_2814\" class=\"n2-ss-slide n2-ow  n2-ss-slide-128\"><div role=\"note\" class=\"n2-ss-slide--focus\" tabindex=\"-1\">IMG_2814<\/div><div class=\"n2-ss-layers-container n2-ss-slide-limiter n2-ow\"><div class=\"n2-ss-layer n2-ow n-uc-9KDhzHrhShsV\" data-sstype=\"slide\" data-pm=\"default\"><\/div><\/div><\/div>                    <\/div>\n\n                                    <\/div>\n            <\/div>\n        <\/div>\n        <div class=\"n2-ss-slider-controls n2-ss-slider-controls-absolute-left-center\"><div style=\"--widget-offset:15px;\" class=\"n2-ss-widget n2-style-041670f7df29ffb4048fc6d85d61d1ee-heading nextend-arrow n2-ow-all nextend-arrow-previous  nextend-arrow-animated-fade\" data-hide-mobileportrait=\"1\" id=\"n2-ss-4-arrow-previous\" role=\"button\" aria-label=\"previous arrow\" tabindex=\"0\"><img loading=\"lazy\" decoding=\"async\" width=\"32\" height=\"32\" class=\"skip-lazy\" data-skip-lazy=\"1\" src=\"data:image\/svg+xml;base64,PHN2ZyB4bWxucz0iaHR0cDovL3d3dy53My5vcmcvMjAwMC9zdmciIHdpZHRoPSIzMiIgaGVpZ2h0PSIzMiIgdmlld0JveD0iMCAwIDMyIDMyIj4KICAgIDxwYXRoIGZpbGw9IiNmZmZmZmYiIG9wYWNpdHk9IjAuOCIgZmlsbC1ydWxlPSJldmVub2RkIgogICAgICAgICAgZD0iTTE4Ljk5NTggOC45OTA3YzAtLjQyNC0uMjA0LS43MjMtLjYxLS44OTgtLjQwOS0uMTczLS43NzItLjEwNC0xLjA5My4yMDlsLTcuMDA2IDYuOTc1Yy0uMjAxLjE5OS0uMjk3LjQzNy0uMjg2LjcxNiAwIC4yNjcuMDk2LjQ5OC4yODYuNjg5bDcuMDA2IDcuMDAxYy4zMjEuMzIxLjY4NC4zODkgMS4wOTMuMjA5LjQwNi0uMTc0LjYxLS40ODIuNjEtLjkyMlY4Ljk5MDd6Ii8+Cjwvc3ZnPg==\" alt=\"previous arrow\"><\/div><\/div><div class=\"n2-ss-slider-controls n2-ss-slider-controls-absolute-right-center\"><div style=\"--widget-offset:15px;\" class=\"n2-ss-widget n2-style-041670f7df29ffb4048fc6d85d61d1ee-heading nextend-arrow n2-ow-all nextend-arrow-next  nextend-arrow-animated-fade\" data-hide-mobileportrait=\"1\" id=\"n2-ss-4-arrow-next\" role=\"button\" aria-label=\"next arrow\" tabindex=\"0\"><img loading=\"lazy\" decoding=\"async\" width=\"32\" height=\"32\" class=\"skip-lazy\" data-skip-lazy=\"1\" src=\"data:image\/svg+xml;base64,PHN2ZyB3aWR0aD0iMzIiIGhlaWdodD0iMzIiIHZpZXdCb3g9IjAgMCAzMiAzMiIgeG1sbnM9Imh0dHA6Ly93d3cudzMub3JnLzIwMDAvc3ZnIj4KICAgIDxwYXRoIGQ9Ik0xMiA4Ljk5YzAtLjQyMy4yMDQtLjcyMi42MS0uODk3LjQwOC0uMTczLjc3Mi0uMTA0IDEuMDkyLjIxbDcuMDA2IDYuOTc0Yy4yMDIuMi4yOTguNDM3LjI4Ny43MTYgMCAuMjY3LS4wOTYuNDk4LS4yODcuNjlsLTcuMDA2IDdjLS4zMi4zMi0uNjg0LjM5LTEuMDkyLjIxLS40MDYtLjE3NS0uNjEtLjQ4My0uNjEtLjkyM1Y4Ljk5eiIKICAgICAgICAgIGZpbGw9IiNmZmZmZmYiIG9wYWNpdHk9IjAuOCIgZmlsbC1ydWxlPSJldmVub2RkIi8+Cjwvc3ZnPg==\" alt=\"next arrow\"><\/div><\/div><\/div><\/div><ss3-loader><\/ss3-loader><\/div><\/div><div class=\"n2_clear\"><\/div><\/div>\n\n\n<div style=\"height:20px\" aria-hidden=\"true\" class=\"wp-block-spacer\"><\/div>\n\n\n\n<div style=\"height:20px\" aria-hidden=\"true\" class=\"wp-block-spacer\"><\/div>\n\n\n\n<p class=\"has-text-align-center\"><strong>Bei einer Begegnung bleiben sie bitte ruhig und gehen sie weiter.<\/strong><\/p>\n\n\n\n<p class=\"has-text-align-center\"><strong>Wir m\u00f6chten sie Bitten, die Tiere nicht zu f\u00fcttern oder \u00fcber den Zaun zu streicheln. Halten Sie die allgemeinen Verhaltensregeln ein.<\/strong><\/p>\n\n\n\n<h2 class=\"wp-block-heading has-text-align-center\">Momentaner Standort der Herde<\/h2>\n\n\n\n<p class=\"has-text-align-center\">Die Herdenschutzhunde sind wieder zu Hause in der Gruoba<\/p>\n\n\n\n<p class=\"has-text-align-center\"><\/p>\n\n\n\n<p class=\"has-text-align-center\">Wenn sie Interesse an einem Besuch haben bitten wir sie uns zu kontaktieren und nicht selbstst\u00e4ndig zu den Tieren zu gehen. Wir zeigen ihnen gerne unsere Schafe!<\/p>\n\n\n\n<p class=\"has-text-align-center\">Sie finden hier stets den aktuellen Standort der bewachten Herde. Ebenfalls stellen wir auf offiziellen Wanderwegen in der N\u00e4he der jeweiligen Weiden Hinweisschilder auf.<\/p>\n\n\n\n<p><\/p>\n\n\n\n<div style=\"height:20px\" aria-hidden=\"true\" class=\"wp-block-spacer\"><\/div>\n\n\n\n<h2 class=\"wp-block-heading has-text-align-center\"><\/h2>\n\n\n\n<p class=\"has-text-align-center\">Im Moment sind die Schafe <strong>MIT Hunden<\/strong> auf diesen Weiden.<\/p>\n\n\n\n<p class=\"has-text-align-center\">Jetzt sind die <strong>Schafe mit Hunden <\/strong>in der Gruoba<\/p>\n\n\n\n<p class=\"has-text-align-center\"><\/p>\n\n\n<div class=\"wp-block-image\">\n<figure class=\"aligncenter size-medium\"><img loading=\"lazy\" decoding=\"async\" width=\"300\" height=\"190\" src=\"https:\/\/www.gruobahof.ch\/site\/wp-content\/uploads\/2022\/11\/Bildschirmfoto-2022-11-06-um-11.19.03-300x190.png\" alt=\"\" class=\"wp-image-1034\" srcset=\"https:\/\/www.gruobahof.ch\/site\/wp-content\/uploads\/2022\/11\/Bildschirmfoto-2022-11-06-um-11.19.03-300x190.png 300w, https:\/\/www.gruobahof.ch\/site\/wp-content\/uploads\/2022\/11\/Bildschirmfoto-2022-11-06-um-11.19.03-400x254.png 400w, https:\/\/www.gruobahof.ch\/site\/wp-content\/uploads\/2022\/11\/Bildschirmfoto-2022-11-06-um-11.19.03-1024x649.png 1024w, https:\/\/www.gruobahof.ch\/site\/wp-content\/uploads\/2022\/11\/Bildschirmfoto-2022-11-06-um-11.19.03-768x487.png 768w, https:\/\/www.gruobahof.ch\/site\/wp-content\/uploads\/2022\/11\/Bildschirmfoto-2022-11-06-um-11.19.03-600x380.png 600w, https:\/\/www.gruobahof.ch\/site\/wp-content\/uploads\/2022\/11\/Bildschirmfoto-2022-11-06-um-11.19.03.png 1372w\" sizes=\"(max-width: 300px) 100vw, 300px\" \/><\/figure><\/div>\n\n\n<h2 class=\"wp-block-heading\"><\/h2>\n\n\n<div class=\"wp-block-image\">\n<figure class=\"aligncenter size-medium is-resized\"><img loading=\"lazy\" decoding=\"async\" width=\"300\" height=\"279\" src=\"https:\/\/www.gruobahof.ch\/site\/wp-content\/uploads\/2020\/06\/IMG_1905-2-300x279.jpeg\" alt=\"\" class=\"wp-image-739\" style=\"width:341px;height:317px\" srcset=\"https:\/\/www.gruobahof.ch\/site\/wp-content\/uploads\/2020\/06\/IMG_1905-2-300x279.jpeg 300w, https:\/\/www.gruobahof.ch\/site\/wp-content\/uploads\/2020\/06\/IMG_1905-2-400x372.jpeg 400w, https:\/\/www.gruobahof.ch\/site\/wp-content\/uploads\/2020\/06\/IMG_1905-2-1024x952.jpeg 1024w, https:\/\/www.gruobahof.ch\/site\/wp-content\/uploads\/2020\/06\/IMG_1905-2-768x714.jpeg 768w, https:\/\/www.gruobahof.ch\/site\/wp-content\/uploads\/2020\/06\/IMG_1905-2-1536x1428.jpeg 1536w, https:\/\/www.gruobahof.ch\/site\/wp-content\/uploads\/2020\/06\/IMG_1905-2-2048x1904.jpeg 2048w, https:\/\/www.gruobahof.ch\/site\/wp-content\/uploads\/2020\/06\/IMG_1905-2-600x558.jpeg 600w\" sizes=\"(max-width: 300px) 100vw, 300px\" \/><\/figure><\/div>\n\n\n<p><\/p>\n\n\n\n<div style=\"height:20px\" aria-hidden=\"true\" class=\"wp-block-spacer\"><\/div>\n\n\n\n<div style=\"height:20px\" aria-hidden=\"true\" class=\"wp-block-spacer\"><\/div>\n\n\n\n<div style=\"height:20px\" aria-hidden=\"true\" class=\"wp-block-spacer\"><\/div>\n\n\n\n<p>F\u00fcr weitere Informationen besuchen sie die offiziellen Seiten:<\/p>\n\n\n\n<p>Fachstelle Herdenschutz: <a rel=\"noreferrer noopener\" href=\"http:\/\/www.herdenschutzschweiz.ch\" target=\"_blank\">www.herdenschutzschweiz.ch<\/a><\/p>\n\n\n\n<p>Herdenschutzhunde Schweiz: <a rel=\"noreferrer noopener\" href=\"http:\/\/www.cpt-ch.ch\" target=\"_blank\">www.cpt-ch.ch<\/a><\/p>\n\n\n\n<div style=\"height:100px\" aria-hidden=\"true\" class=\"wp-block-spacer\"><\/div>\n\n\n\n<p><\/p>\n\n\n\n<p><\/p>\n","protected":false},"excerpt":{"rendered":"<p>Herdenschutzhunde Unsere Herdenschutzhunde Lion und Arthur leben das ganze Jahr bei den Schafen. Da der Wolf schon seit mehreren Jahren wieder pr\u00e4sent ist, ist es unsere Pflicht als Schafhalter die Herde vor dem Raubtier zu sch\u00fctzen. Sie sind wichtige Mitarbeiter und eine wertvolle Erfahrung ! Im Fr\u00fchling und Herbst sind sie gemeinsam mit der Schafherde [&hellip;]<\/p>\n","protected":false},"author":1,"featured_media":0,"parent":0,"menu_order":0,"comment_status":"closed","ping_status":"closed","template":"","meta":{"footnotes":""},"_links":{"self":[{"href":"https:\/\/www.gruobahof.ch\/site\/wp-json\/wp\/v2\/pages\/471"}],"collection":[{"href":"https:\/\/www.gruobahof.ch\/site\/wp-json\/wp\/v2\/pages"}],"about":[{"href":"https:\/\/www.gruobahof.ch\/site\/wp-json\/wp\/v2\/types\/page"}],"author":[{"embeddable":true,"href":"https:\/\/www.gruobahof.ch\/site\/wp-json\/wp\/v2\/users\/1"}],"replies":[{"embeddable":true,"href":"https:\/\/www.gruobahof.ch\/site\/wp-json\/wp\/v2\/comments?post=471"}],"version-history":[{"count":150,"href":"https:\/\/www.gruobahof.ch\/site\/wp-json\/wp\/v2\/pages\/471\/revisions"}],"predecessor-version":[{"id":1244,"href":"https:\/\/www.gruobahof.ch\/site\/wp-json\/wp\/v2\/pages\/471\/revisions\/1244"}],"wp:attachment":[{"href":"https:\/\/www.gruobahof.ch\/site\/wp-json\/wp\/v2\/media?parent=471"}],"curies":[{"name":"wp","href":"https:\/\/api.w.org\/{rel}","templated":true}]}}