{"id":583,"date":"2020-04-30T14:43:02","date_gmt":"2020-04-30T14:43:02","guid":{"rendered":"https:\/\/www.gruobahof.ch\/site\/?post_type=product&#038;p=583"},"modified":"2020-06-09T15:31:42","modified_gmt":"2020-06-09T15:31:42","slug":"huusbirabrot","status":"publish","type":"product","link":"https:\/\/www.gruobahof.ch\/site\/produkt\/huusbirabrot\/","title":{"rendered":"Huusbirabrot"},"content":{"rendered":"","protected":false},"excerpt":{"rendered":"<p>Zutaten:D\u00f6rrbirnen,Ruchmehl*,Baumn\u00fcsse*,Sultaninen,Feigen,Zucker,Rotwein,Hefe,Gew\u00fcrze,Meersalz<\/p>\n<p>(*Allergene)<\/p>\n<p>Das echte Wiesner Birabrot ohne H\u00fclle<\/p>\n<p>Birnenbrot 300g.<\/p>\n","protected":false},"featured_media":715,"template":"","meta":[],"product_cat":[19],"product_tag":[],"_links":{"self":[{"href":"https:\/\/www.gruobahof.ch\/site\/wp-json\/wp\/v2\/product\/583"}],"collection":[{"href":"https:\/\/www.gruobahof.ch\/site\/wp-json\/wp\/v2\/product"}],"about":[{"href":"https:\/\/www.gruobahof.ch\/site\/wp-json\/wp\/v2\/types\/product"}],"wp:featuredmedia":[{"embeddable":true,"href":"https:\/\/www.gruobahof.ch\/site\/wp-json\/wp\/v2\/media\/715"}],"wp:attachment":[{"href":"https:\/\/www.gruobahof.ch\/site\/wp-json\/wp\/v2\/media?parent=583"}],"wp:term":[{"taxonomy":"product_cat","embeddable":true,"href":"https:\/\/www.gruobahof.ch\/site\/wp-json\/wp\/v2\/product_cat?post=583"},{"taxonomy":"product_tag","embeddable":true,"href":"https:\/\/www.gruobahof.ch\/site\/wp-json\/wp\/v2\/product_tag?post=583"}],"curies":[{"name":"wp","href":"https:\/\/api.w.org\/{rel}","templated":true}]}}